{"id":96575,"date":"2025-12-05T15:55:33","date_gmt":"2025-12-05T13:55:33","guid":{"rendered":"https:\/\/ddt.lv\/lv\/product\/rives-un-galas-masinas-komplekts-gefu-transforma\/"},"modified":"2026-04-08T14:46:08","modified_gmt":"2026-04-08T11:46:08","slug":"rives-un-galas-masinas-komplekts-gefu-transforma","status":"publish","type":"product","link":"https:\/\/ddt.lv\/ru\/product\/latviesu-rives-un-galas-masinas-komplekts-gefu-transforma\/","title":{"rendered":"(Latvie\u0161u) R\u012bves un ga\u013cas ma\u0161\u012bnas komplekts GEFU TRANSFORMA"},"content":{"rendered":"","protected":false},"excerpt":{"rendered":"","protected":false},"featured_media":96576,"comment_status":"closed","ping_status":"closed","template":"","meta":{"inline_featured_image":false},"product_cat":[1680,772],"product_tag":[],"yst_prominent_words":[],"class_list":{"0":"post-96575","1":"product","2":"type-product","3":"status-publish","4":"has-post-thumbnail","6":"product_cat-griezeji-un-rives","7":"product_cat-atlaides","9":"first","10":"instock","11":"sale","12":"taxable","13":"shipping-taxable","14":"purchasable","15":"product-type-simple"},"jetpack_sharing_enabled":true,"_links":{"self":[{"href":"https:\/\/ddt.lv\/ru\/wp-json\/wp\/v2\/product\/96575"}],"collection":[{"href":"https:\/\/ddt.lv\/ru\/wp-json\/wp\/v2\/product"}],"about":[{"href":"https:\/\/ddt.lv\/ru\/wp-json\/wp\/v2\/types\/product"}],"replies":[{"embeddable":true,"href":"https:\/\/ddt.lv\/ru\/wp-json\/wp\/v2\/comments?post=96575"}],"wp:featuredmedia":[{"embeddable":true,"href":"https:\/\/ddt.lv\/ru\/wp-json\/wp\/v2\/media\/96576"}],"wp:attachment":[{"href":"https:\/\/ddt.lv\/ru\/wp-json\/wp\/v2\/media?parent=96575"}],"wp:term":[{"taxonomy":"product_cat","embeddable":true,"href":"https:\/\/ddt.lv\/ru\/wp-json\/wp\/v2\/product_cat?post=96575"},{"taxonomy":"product_tag","embeddable":true,"href":"https:\/\/ddt.lv\/ru\/wp-json\/wp\/v2\/product_tag?post=96575"},{"taxonomy":"yst_prominent_words","embeddable":true,"href":"https:\/\/ddt.lv\/ru\/wp-json\/wp\/v2\/yst_prominent_words?post=96575"}],"curies":[{"name":"wp","href":"https:\/\/api.w.org\/{rel}","templated":true}]}}