{"id":96563,"date":"2025-12-05T11:45:34","date_gmt":"2025-12-05T09:45:34","guid":{"rendered":"https:\/\/ddt.lv\/lv\/product\/nerusejosa-terauda-bloda-1500-ml-gefu-mero\/"},"modified":"2026-04-13T10:06:20","modified_gmt":"2026-04-13T07:06:20","slug":"nerusejosa-terauda-bloda-1500-ml-gefu-mero","status":"publish","type":"product","link":"https:\/\/ddt.lv\/ru\/product\/latviesu-nerusejosa-terauda-bloda-1500-ml-gefu-mero\/","title":{"rendered":"(Latvie\u0161u) Ner\u016bs\u0113jo\u0161a t\u0113rauda b\u013coda 1500 ml GEFU MERO"},"content":{"rendered":"","protected":false},"excerpt":{"rendered":"","protected":false},"featured_media":96564,"comment_status":"closed","ping_status":"closed","template":"","meta":{"inline_featured_image":false},"product_cat":[1681,1682],"product_tag":[],"yst_prominent_words":[],"class_list":{"0":"post-96563","1":"product","2":"type-product","3":"status-publish","4":"has-post-thumbnail","6":"product_cat-virtuves-paligi","7":"product_cat-uzglabasanai","9":"first","10":"instock","11":"taxable","12":"shipping-taxable","13":"purchasable","14":"product-type-simple"},"jetpack_sharing_enabled":true,"_links":{"self":[{"href":"https:\/\/ddt.lv\/ru\/wp-json\/wp\/v2\/product\/96563"}],"collection":[{"href":"https:\/\/ddt.lv\/ru\/wp-json\/wp\/v2\/product"}],"about":[{"href":"https:\/\/ddt.lv\/ru\/wp-json\/wp\/v2\/types\/product"}],"replies":[{"embeddable":true,"href":"https:\/\/ddt.lv\/ru\/wp-json\/wp\/v2\/comments?post=96563"}],"wp:featuredmedia":[{"embeddable":true,"href":"https:\/\/ddt.lv\/ru\/wp-json\/wp\/v2\/media\/96564"}],"wp:attachment":[{"href":"https:\/\/ddt.lv\/ru\/wp-json\/wp\/v2\/media?parent=96563"}],"wp:term":[{"taxonomy":"product_cat","embeddable":true,"href":"https:\/\/ddt.lv\/ru\/wp-json\/wp\/v2\/product_cat?post=96563"},{"taxonomy":"product_tag","embeddable":true,"href":"https:\/\/ddt.lv\/ru\/wp-json\/wp\/v2\/product_tag?post=96563"},{"taxonomy":"yst_prominent_words","embeddable":true,"href":"https:\/\/ddt.lv\/ru\/wp-json\/wp\/v2\/yst_prominent_words?post=96563"}],"curies":[{"name":"wp","href":"https:\/\/api.w.org\/{rel}","templated":true}]}}