{"id":96455,"date":"2025-12-03T13:45:37","date_gmt":"2025-12-03T11:45:37","guid":{"rendered":"https:\/\/ddt.lv\/lv\/product\/rive-skeletajs-gefu-volari\/"},"modified":"2026-04-08T14:42:52","modified_gmt":"2026-04-08T11:42:52","slug":"rive-skeletajs-gefu-volari","status":"publish","type":"product","link":"https:\/\/ddt.lv\/ru\/product\/latviesu-rive-skeletajs-gefu-volari\/","title":{"rendered":"(Latvie\u0161u) R\u012bve \u0161\u0137\u0113l\u0113t\u0101js GEFU VOLARI"},"content":{"rendered":"","protected":false},"excerpt":{"rendered":"","protected":false},"featured_media":96456,"comment_status":"closed","ping_status":"closed","template":"","meta":{"inline_featured_image":false},"product_cat":[1680,772],"product_tag":[],"yst_prominent_words":[],"class_list":{"0":"post-96455","1":"product","2":"type-product","3":"status-publish","4":"has-post-thumbnail","6":"product_cat-griezeji-un-rives","7":"product_cat-atlaides","9":"first","10":"instock","11":"sale","12":"taxable","13":"shipping-taxable","14":"purchasable","15":"product-type-simple"},"jetpack_sharing_enabled":true,"_links":{"self":[{"href":"https:\/\/ddt.lv\/ru\/wp-json\/wp\/v2\/product\/96455"}],"collection":[{"href":"https:\/\/ddt.lv\/ru\/wp-json\/wp\/v2\/product"}],"about":[{"href":"https:\/\/ddt.lv\/ru\/wp-json\/wp\/v2\/types\/product"}],"replies":[{"embeddable":true,"href":"https:\/\/ddt.lv\/ru\/wp-json\/wp\/v2\/comments?post=96455"}],"wp:featuredmedia":[{"embeddable":true,"href":"https:\/\/ddt.lv\/ru\/wp-json\/wp\/v2\/media\/96456"}],"wp:attachment":[{"href":"https:\/\/ddt.lv\/ru\/wp-json\/wp\/v2\/media?parent=96455"}],"wp:term":[{"taxonomy":"product_cat","embeddable":true,"href":"https:\/\/ddt.lv\/ru\/wp-json\/wp\/v2\/product_cat?post=96455"},{"taxonomy":"product_tag","embeddable":true,"href":"https:\/\/ddt.lv\/ru\/wp-json\/wp\/v2\/product_tag?post=96455"},{"taxonomy":"yst_prominent_words","embeddable":true,"href":"https:\/\/ddt.lv\/ru\/wp-json\/wp\/v2\/yst_prominent_words?post=96455"}],"curies":[{"name":"wp","href":"https:\/\/api.w.org\/{rel}","templated":true}]}}