{"id":96232,"date":"2025-12-02T11:25:26","date_gmt":"2025-12-02T09:25:26","guid":{"rendered":"https:\/\/ddt.lv\/lv\/product\/96232\/"},"modified":"2026-04-16T08:50:45","modified_gmt":"2026-04-16T05:50:45","slug":"96232","status":"publish","type":"product","link":"https:\/\/ddt.lv\/ru\/product\/latviesu-pusdienu-karba-divdaliga-700-170ml-gefu-companion\/","title":{"rendered":"(Latvie\u0161u) Pusdienu k\u0101rba, divda\u013c\u012bga, 700\/170ml, GEFU COMPANION"},"content":{"rendered":"","protected":false},"excerpt":{"rendered":"","protected":false},"featured_media":96288,"comment_status":"closed","ping_status":"closed","template":"","meta":{"inline_featured_image":false},"product_cat":[1682,772],"product_tag":[],"yst_prominent_words":[],"class_list":{"0":"post-96232","1":"product","2":"type-product","3":"status-publish","4":"has-post-thumbnail","6":"product_cat-uzglabasanai","7":"product_cat-atlaides","9":"first","10":"instock","11":"sale","12":"taxable","13":"shipping-taxable","14":"purchasable","15":"product-type-simple"},"jetpack_sharing_enabled":true,"_links":{"self":[{"href":"https:\/\/ddt.lv\/ru\/wp-json\/wp\/v2\/product\/96232"}],"collection":[{"href":"https:\/\/ddt.lv\/ru\/wp-json\/wp\/v2\/product"}],"about":[{"href":"https:\/\/ddt.lv\/ru\/wp-json\/wp\/v2\/types\/product"}],"replies":[{"embeddable":true,"href":"https:\/\/ddt.lv\/ru\/wp-json\/wp\/v2\/comments?post=96232"}],"wp:featuredmedia":[{"embeddable":true,"href":"https:\/\/ddt.lv\/ru\/wp-json\/wp\/v2\/media\/96288"}],"wp:attachment":[{"href":"https:\/\/ddt.lv\/ru\/wp-json\/wp\/v2\/media?parent=96232"}],"wp:term":[{"taxonomy":"product_cat","embeddable":true,"href":"https:\/\/ddt.lv\/ru\/wp-json\/wp\/v2\/product_cat?post=96232"},{"taxonomy":"product_tag","embeddable":true,"href":"https:\/\/ddt.lv\/ru\/wp-json\/wp\/v2\/product_tag?post=96232"},{"taxonomy":"yst_prominent_words","embeddable":true,"href":"https:\/\/ddt.lv\/ru\/wp-json\/wp\/v2\/yst_prominent_words?post=96232"}],"curies":[{"name":"wp","href":"https:\/\/api.w.org\/{rel}","templated":true}]}}