{"id":7355,"date":"2019-10-29T12:20:01","date_gmt":"2019-10-29T10:20:01","guid":{"rendered":"https:\/\/ddt.lv\/product\/tikls-virt-z-sv-timer-80led-0-9w-ww-ip44-0-8x1-35m-3xaa-2\/"},"modified":"2026-04-08T14:35:55","modified_gmt":"2026-04-08T11:35:55","slug":"tikls-virt-z-sv-timer-80led-0-9w-ww-ip44-0-8x1-35m-3xaa-2","status":"publish","type":"product","link":"https:\/\/ddt.lv\/ru\/product\/tikls-virt-z-sv-timer-80led-0-9w-ww-ip44-0-8x1-35m-3xaa\/","title":{"rendered":"(Latvie\u0161u) LED virtene EMOS T\u012aKLS 80LED 0.9W WW IP44 0.8&#215;1.35m (3xAA), ar taimeri"},"content":{"rendered":"<p>Atvainojiet, inform\u0101cija tiek papildin\u0101ta. Ja rodas jaut\u0101jumi par k\u0101du no produktiem, dro\u0161i, sazinieties ar mums!<\/p>\n","protected":false},"excerpt":{"rendered":"<p>Atvainojiet, inform\u0101cija tiek papildin\u0101ta. Ja rodas jaut\u0101jumi par k\u0101du no produktiem, dro\u0161i, sazinieties ar mums!<\/p>\n","protected":false},"featured_media":14033,"comment_status":"closed","ping_status":"closed","template":"","meta":{"inline_featured_image":false},"product_cat":[772,914],"product_tag":[],"yst_prominent_words":[],"class_list":{"0":"post-7355","1":"product","2":"type-product","3":"status-publish","4":"has-post-thumbnail","6":"product_cat-atlaides","7":"product_cat-ara-dekori-projektori","9":"first","10":"instock","11":"sale","12":"taxable","13":"shipping-taxable","14":"purchasable","15":"product-type-simple"},"jetpack_sharing_enabled":true,"_links":{"self":[{"href":"https:\/\/ddt.lv\/ru\/wp-json\/wp\/v2\/product\/7355"}],"collection":[{"href":"https:\/\/ddt.lv\/ru\/wp-json\/wp\/v2\/product"}],"about":[{"href":"https:\/\/ddt.lv\/ru\/wp-json\/wp\/v2\/types\/product"}],"replies":[{"embeddable":true,"href":"https:\/\/ddt.lv\/ru\/wp-json\/wp\/v2\/comments?post=7355"}],"wp:featuredmedia":[{"embeddable":true,"href":"https:\/\/ddt.lv\/ru\/wp-json\/wp\/v2\/media\/14033"}],"wp:attachment":[{"href":"https:\/\/ddt.lv\/ru\/wp-json\/wp\/v2\/media?parent=7355"}],"wp:term":[{"taxonomy":"product_cat","embeddable":true,"href":"https:\/\/ddt.lv\/ru\/wp-json\/wp\/v2\/product_cat?post=7355"},{"taxonomy":"product_tag","embeddable":true,"href":"https:\/\/ddt.lv\/ru\/wp-json\/wp\/v2\/product_tag?post=7355"},{"taxonomy":"yst_prominent_words","embeddable":true,"href":"https:\/\/ddt.lv\/ru\/wp-json\/wp\/v2\/yst_prominent_words?post=7355"}],"curies":[{"name":"wp","href":"https:\/\/api.w.org\/{rel}","templated":true}]}}