{"id":7150,"date":"2019-10-29T12:19:26","date_gmt":"2019-10-29T10:19:26","guid":{"rendered":"https:\/\/ddt.lv\/product\/virtene-z-sv-16led-1w-zvaigznites-baltas-3200k-ip20-3m-emos-2\/"},"modified":"2026-04-08T14:28:09","modified_gmt":"2026-04-08T11:28:09","slug":"virtene-z-sv-16led-1w-zvaigznites-baltas-3200k-ip20-3m-emos-2","status":"publish","type":"product","link":"https:\/\/ddt.lv\/ru\/product\/virtene-z-sv-16led-1w-zvaigznites-baltas-3200k-ip20-3m-emos\/","title":{"rendered":"(Latvie\u0161u) LED virtene EMOS 16LED 1W zvaigzn\u012btes baltas 3200K IP20 3m"},"content":{"rendered":"<p>Atvainojiet, inform\u0101cija tiek papildin\u0101ta. Ja rodas jaut\u0101jumi par k\u0101du no produktiem, dro\u0161i, sazinieties ar mums!<\/p>\n","protected":false},"excerpt":{"rendered":"<p>Atvainojiet, inform\u0101cija tiek papildin\u0101ta. Ja rodas jaut\u0101jumi par k\u0101du no produktiem, dro\u0161i, sazinieties ar mums!<\/p>\n","protected":false},"featured_media":13848,"comment_status":"closed","ping_status":"closed","template":"","meta":{"inline_featured_image":false},"product_cat":[772,912,911],"product_tag":[],"yst_prominent_words":[],"class_list":{"0":"post-7150","1":"product","2":"type-product","3":"status-publish","4":"has-post-thumbnail","6":"product_cat-atlaides","7":"product_cat-ara-virtenes","8":"product_cat-iekstelpu-virtenes","10":"first","11":"instock","12":"sale","13":"taxable","14":"shipping-taxable","15":"purchasable","16":"product-type-simple"},"jetpack_sharing_enabled":true,"_links":{"self":[{"href":"https:\/\/ddt.lv\/ru\/wp-json\/wp\/v2\/product\/7150"}],"collection":[{"href":"https:\/\/ddt.lv\/ru\/wp-json\/wp\/v2\/product"}],"about":[{"href":"https:\/\/ddt.lv\/ru\/wp-json\/wp\/v2\/types\/product"}],"replies":[{"embeddable":true,"href":"https:\/\/ddt.lv\/ru\/wp-json\/wp\/v2\/comments?post=7150"}],"wp:featuredmedia":[{"embeddable":true,"href":"https:\/\/ddt.lv\/ru\/wp-json\/wp\/v2\/media\/13848"}],"wp:attachment":[{"href":"https:\/\/ddt.lv\/ru\/wp-json\/wp\/v2\/media?parent=7150"}],"wp:term":[{"taxonomy":"product_cat","embeddable":true,"href":"https:\/\/ddt.lv\/ru\/wp-json\/wp\/v2\/product_cat?post=7150"},{"taxonomy":"product_tag","embeddable":true,"href":"https:\/\/ddt.lv\/ru\/wp-json\/wp\/v2\/product_tag?post=7150"},{"taxonomy":"yst_prominent_words","embeddable":true,"href":"https:\/\/ddt.lv\/ru\/wp-json\/wp\/v2\/yst_prominent_words?post=7150"}],"curies":[{"name":"wp","href":"https:\/\/api.w.org\/{rel}","templated":true}]}}