{"id":6871,"date":"2019-10-28T08:39:06","date_gmt":"2019-10-28T06:39:06","guid":{"rendered":"https:\/\/ddt.lv\/product\/vannas-istabas-silditajs-balts-2000w-unold\/"},"modified":"2026-04-13T09:56:39","modified_gmt":"2026-04-13T06:56:39","slug":"vannas-istabas-silditajs-balts-2000w-unold","status":"publish","type":"product","link":"https:\/\/ddt.lv\/ru\/product\/vannas-istabas-silditajs-balts-2000w-unold\/","title":{"rendered":"(Latvie\u0161u) Keramiskais sild\u012bt\u0101js, balts 2000W UNOLD"},"content":{"rendered":"<p>Kluss un viegls sild\u012bt\u0101js, kur\u0161 sp\u0113j rad\u012bt SPA atmosf\u0113ru m\u0101jas apst\u0101k\u013cos!<\/p>\n<p>\u0112rts rokturis sild\u012bt\u0101ja p\u0101rvieto\u0161anai. IP21 mitrumiztur\u012bba.<\/p>\n","protected":false},"excerpt":{"rendered":"<p>Kluss un viegls sild\u012bt\u0101js, kur\u0161 sp\u0113j rad\u012bt SPA atmosf\u0113ru m\u0101jas apst\u0101k\u013cos! \u0112rts rokturis sild\u012bt\u0101ja p\u0101rvieto\u0161anai. IP21 mitrumiztur\u012bba.<\/p>\n","protected":false},"featured_media":7754,"comment_status":"closed","ping_status":"closed","template":"","meta":{"inline_featured_image":false},"product_cat":[540],"product_tag":[],"yst_prominent_words":[],"class_list":{"0":"post-6871","1":"product","2":"type-product","3":"status-publish","4":"has-post-thumbnail","6":"product_cat-ventilatori-silditaji","8":"first","9":"instock","10":"taxable","11":"shipping-taxable","12":"purchasable","13":"product-type-simple"},"jetpack_sharing_enabled":true,"_links":{"self":[{"href":"https:\/\/ddt.lv\/ru\/wp-json\/wp\/v2\/product\/6871"}],"collection":[{"href":"https:\/\/ddt.lv\/ru\/wp-json\/wp\/v2\/product"}],"about":[{"href":"https:\/\/ddt.lv\/ru\/wp-json\/wp\/v2\/types\/product"}],"replies":[{"embeddable":true,"href":"https:\/\/ddt.lv\/ru\/wp-json\/wp\/v2\/comments?post=6871"}],"wp:featuredmedia":[{"embeddable":true,"href":"https:\/\/ddt.lv\/ru\/wp-json\/wp\/v2\/media\/7754"}],"wp:attachment":[{"href":"https:\/\/ddt.lv\/ru\/wp-json\/wp\/v2\/media?parent=6871"}],"wp:term":[{"taxonomy":"product_cat","embeddable":true,"href":"https:\/\/ddt.lv\/ru\/wp-json\/wp\/v2\/product_cat?post=6871"},{"taxonomy":"product_tag","embeddable":true,"href":"https:\/\/ddt.lv\/ru\/wp-json\/wp\/v2\/product_tag?post=6871"},{"taxonomy":"yst_prominent_words","embeddable":true,"href":"https:\/\/ddt.lv\/ru\/wp-json\/wp\/v2\/yst_prominent_words?post=6871"}],"curies":[{"name":"wp","href":"https:\/\/api.w.org\/{rel}","templated":true}]}}