{"id":6870,"date":"2019-10-28T08:39:06","date_gmt":"2019-10-28T06:39:06","guid":{"rendered":"https:\/\/ddt.lv\/product\/rokas-mikseris-3-viena-450w-balts-nerus-t-unold\/"},"modified":"2026-04-08T14:36:32","modified_gmt":"2026-04-08T11:36:32","slug":"rokas-mikseris-3-viena-450w-balts-nerus-t-unold","status":"publish","type":"product","link":"https:\/\/ddt.lv\/ru\/product\/rokas-mikseris-3-viena-450w-balts-nerus-t-unold\/","title":{"rendered":"(Latvie\u0161u) Rokas mikseris 3in1 450W ner\u016bs\u0113jo\u0161\u0101 t\u0113rauda UNOLD"},"content":{"rendered":"<p>Ar Handmixer 3 in 1 virtuves &#8216;fiziskie&#8217; darbi k\u013c\u016bst \u0113rti un vienk\u0101r\u0161i. 3 in 1 sp\u0113j saputot saldo kr\u0113jumu, sam\u012bc\u012bt maizes m\u012bklu un samais\u012bt keksa mikst\u016bru. Piederumos ietilpst divas mais\u012b\u0161anas dak\u0161as, divi m\u012bklas \u0101\u0137\u012b\u0161i un viena putojam\u0101 dak\u0161a. Visi piederumi ir izgatavoti no t\u0113rauda un ir \u0113rti kopjami.<\/p>\n","protected":false},"excerpt":{"rendered":"<p>Ar Handmixer 3 in 1 virtuves &#8216;fiziskie&#8217; darbi k\u013c\u016bst \u0113rti un vienk\u0101r\u0161i. 3 in 1 sp\u0113j saputot saldo kr\u0113jumu, sam\u012bc\u012bt maizes m\u012bklu un samais\u012bt keksa mikst\u016bru. Piederumos ietilpst divas mais\u012b\u0161anas dak\u0161as, divi m\u012bklas \u0101\u0137\u012b\u0161i un viena putojam\u0101 dak\u0161a. Visi piederumi ir izgatavoti no t\u0113rauda un ir \u0113rti kopjami.<\/p>\n","protected":false},"featured_media":7568,"comment_status":"closed","ping_status":"closed","template":"","meta":{"inline_featured_image":false},"product_cat":[535],"product_tag":[],"yst_prominent_words":[],"class_list":{"0":"post-6870","1":"product","2":"type-product","3":"status-publish","4":"has-post-thumbnail","6":"product_cat-blenderimikserisulasspiedes","8":"first","9":"outofstock","10":"taxable","11":"shipping-taxable","12":"purchasable","13":"product-type-simple"},"jetpack_sharing_enabled":true,"_links":{"self":[{"href":"https:\/\/ddt.lv\/ru\/wp-json\/wp\/v2\/product\/6870"}],"collection":[{"href":"https:\/\/ddt.lv\/ru\/wp-json\/wp\/v2\/product"}],"about":[{"href":"https:\/\/ddt.lv\/ru\/wp-json\/wp\/v2\/types\/product"}],"replies":[{"embeddable":true,"href":"https:\/\/ddt.lv\/ru\/wp-json\/wp\/v2\/comments?post=6870"}],"wp:featuredmedia":[{"embeddable":true,"href":"https:\/\/ddt.lv\/ru\/wp-json\/wp\/v2\/media\/7568"}],"wp:attachment":[{"href":"https:\/\/ddt.lv\/ru\/wp-json\/wp\/v2\/media?parent=6870"}],"wp:term":[{"taxonomy":"product_cat","embeddable":true,"href":"https:\/\/ddt.lv\/ru\/wp-json\/wp\/v2\/product_cat?post=6870"},{"taxonomy":"product_tag","embeddable":true,"href":"https:\/\/ddt.lv\/ru\/wp-json\/wp\/v2\/product_tag?post=6870"},{"taxonomy":"yst_prominent_words","embeddable":true,"href":"https:\/\/ddt.lv\/ru\/wp-json\/wp\/v2\/yst_prominent_words?post=6870"}],"curies":[{"name":"wp","href":"https:\/\/api.w.org\/{rel}","templated":true}]}}