{"id":6866,"date":"2019-10-28T08:39:06","date_gmt":"2019-10-28T06:39:06","guid":{"rendered":"https:\/\/ddt.lv\/product\/vakuuma-iepakotajs-compact-unold\/"},"modified":"2026-04-08T14:36:31","modified_gmt":"2026-04-08T11:36:31","slug":"vakuuma-iepakotajs-compact-unold","status":"publish","type":"product","link":"https:\/\/ddt.lv\/ru\/product\/vakuuma-iepakotajs-compact-unold\/","title":{"rendered":"(Latvie\u0161u) Vakuuma iepakot\u0101js COMPACT UNOLD"},"content":{"rendered":"<p>Ar Vakuuma iepakot\u0101ju \u0113dienu iesp\u0113jams uzglab\u0101t daudz ilg\u0101k, nepazaud\u0113jot v\u0113rt\u012bg\u0101s uzturvielas. Par cik sk\u0101beklis nepiek\u013c\u016bst produktam, ledusskapis neapsald\u0113 produktu un tas nek\u013c\u016bst \u016bde\u0146ains.<\/p>\n<p>\u0160is produkts lieliski sader ar Sous Vide v\u0101r\u012btaju!<\/p>\n","protected":false},"excerpt":{"rendered":"<p>Ar Vakuuma iepakot\u0101ju \u0113dienu iesp\u0113jams uzglab\u0101t daudz ilg\u0101k, nepazaud\u0113jot v\u0113rt\u012bg\u0101s uzturvielas. Par cik sk\u0101beklis nepiek\u013c\u016bst produktam, ledusskapis neapsald\u0113 produktu un tas nek\u013c\u016bst \u016bde\u0146ains. \u0160is produkts lieliski sader ar Sous Vide v\u0101r\u012btaju!<\/p>\n","protected":false},"featured_media":7471,"comment_status":"closed","ping_status":"closed","template":"","meta":{"inline_featured_image":false},"product_cat":[772,534],"product_tag":[],"yst_prominent_words":[],"class_list":{"0":"post-6866","1":"product","2":"type-product","3":"status-publish","4":"has-post-thumbnail","6":"product_cat-atlaides","7":"product_cat-dazadi","9":"first","10":"instock","11":"sale","12":"taxable","13":"shipping-taxable","14":"purchasable","15":"product-type-simple"},"jetpack_sharing_enabled":true,"_links":{"self":[{"href":"https:\/\/ddt.lv\/ru\/wp-json\/wp\/v2\/product\/6866"}],"collection":[{"href":"https:\/\/ddt.lv\/ru\/wp-json\/wp\/v2\/product"}],"about":[{"href":"https:\/\/ddt.lv\/ru\/wp-json\/wp\/v2\/types\/product"}],"replies":[{"embeddable":true,"href":"https:\/\/ddt.lv\/ru\/wp-json\/wp\/v2\/comments?post=6866"}],"wp:featuredmedia":[{"embeddable":true,"href":"https:\/\/ddt.lv\/ru\/wp-json\/wp\/v2\/media\/7471"}],"wp:attachment":[{"href":"https:\/\/ddt.lv\/ru\/wp-json\/wp\/v2\/media?parent=6866"}],"wp:term":[{"taxonomy":"product_cat","embeddable":true,"href":"https:\/\/ddt.lv\/ru\/wp-json\/wp\/v2\/product_cat?post=6866"},{"taxonomy":"product_tag","embeddable":true,"href":"https:\/\/ddt.lv\/ru\/wp-json\/wp\/v2\/product_tag?post=6866"},{"taxonomy":"yst_prominent_words","embeddable":true,"href":"https:\/\/ddt.lv\/ru\/wp-json\/wp\/v2\/yst_prominent_words?post=6866"}],"curies":[{"name":"wp","href":"https:\/\/api.w.org\/{rel}","templated":true}]}}