{"id":6861,"date":"2019-10-28T08:39:05","date_gmt":"2019-10-28T06:39:05","guid":{"rendered":"https:\/\/ddt.lv\/product\/ventilators-galda-3d-16w-o17cm-220-240v-melns-balts-unold\/"},"modified":"2026-04-08T14:36:22","modified_gmt":"2026-04-08T11:36:22","slug":"ventilators-galda-3d-16w-o17cm-220-240v-melns-balts-unold","status":"publish","type":"product","link":"https:\/\/ddt.lv\/ru\/product\/ventilators-galda-3d-16w-o17cm-220-240v-melns-balts-unold\/","title":{"rendered":"(Latvie\u0161u) Ventilators galda 3D 16W \u00d817cm 220-240V melns\/balts UNOLD"},"content":{"rendered":"<p>Pateicoties inovat\u012bvai gaisa cirkul\u0101cijas tehnolo\u0123ijai 3D galda ventilators rada perfektu klimatu atbilsto\u0161i laika apst\u0101k\u013ciem &#8211; vasar\u0101 ar maigu v\u0113sumu, ziem\u0101 ar perfektu gaisa sadali.<\/p>\n<p>Nep\u0101rtraukti cirkul\u0113jot gaisam J\u016bs ietaup\u012bsiet resursus elektr\u012bbas un kurin\u0101m\u0101 veid\u0101, jo gaisa kondicion\u0113\u0161anas un apkures pozit\u012bvais efekts ir liel\u0101ks pateicoties 3D gaisa cirkul\u0101cijas tehnolo\u0123ijai.<\/p>\n<p>Ventilators ir regul\u0113jams ar t\u0101lvad\u012bbas pulti un t\u0101 ieb\u016bv\u0113tais taimeris ir regul\u0113jams l\u012bdz pat 8 stund\u0101m!<\/p>\n","protected":false},"excerpt":{"rendered":"<p>Pateicoties inovat\u012bvai gaisa cirkul\u0101cijas tehnolo\u0123ijai 3D galda ventilators rada perfektu klimatu atbilsto\u0161i laika apst\u0101k\u013ciem &#8211; vasar\u0101 ar maigu v\u0113sumu, ziem\u0101 ar perfektu gaisa sadali. Nep\u0101rtraukti cirkul\u0113jot gaisam J\u016bs ietaup\u012bsiet resursus elektr\u012bbas un kurin\u0101m\u0101 veid\u0101, jo gaisa kondicion\u0113\u0161anas un apkures pozit\u012bvais efekts ir liel\u0101ks pateicoties 3D gaisa cirkul\u0101cijas tehnolo\u0123ijai. Ventilators ir regul\u0113jams ar t\u0101lvad\u012bbas pulti un [&hellip;]<\/p>\n","protected":false},"featured_media":7785,"comment_status":"closed","ping_status":"closed","template":"","meta":{"inline_featured_image":false},"product_cat":[540],"product_tag":[],"yst_prominent_words":[],"class_list":{"0":"post-6861","1":"product","2":"type-product","3":"status-publish","4":"has-post-thumbnail","6":"product_cat-ventilatori-silditaji","8":"first","9":"outofstock","10":"taxable","11":"shipping-taxable","12":"purchasable","13":"product-type-simple"},"jetpack_sharing_enabled":true,"_links":{"self":[{"href":"https:\/\/ddt.lv\/ru\/wp-json\/wp\/v2\/product\/6861"}],"collection":[{"href":"https:\/\/ddt.lv\/ru\/wp-json\/wp\/v2\/product"}],"about":[{"href":"https:\/\/ddt.lv\/ru\/wp-json\/wp\/v2\/types\/product"}],"replies":[{"embeddable":true,"href":"https:\/\/ddt.lv\/ru\/wp-json\/wp\/v2\/comments?post=6861"}],"wp:featuredmedia":[{"embeddable":true,"href":"https:\/\/ddt.lv\/ru\/wp-json\/wp\/v2\/media\/7785"}],"wp:attachment":[{"href":"https:\/\/ddt.lv\/ru\/wp-json\/wp\/v2\/media?parent=6861"}],"wp:term":[{"taxonomy":"product_cat","embeddable":true,"href":"https:\/\/ddt.lv\/ru\/wp-json\/wp\/v2\/product_cat?post=6861"},{"taxonomy":"product_tag","embeddable":true,"href":"https:\/\/ddt.lv\/ru\/wp-json\/wp\/v2\/product_tag?post=6861"},{"taxonomy":"yst_prominent_words","embeddable":true,"href":"https:\/\/ddt.lv\/ru\/wp-json\/wp\/v2\/yst_prominent_words?post=6861"}],"curies":[{"name":"wp","href":"https:\/\/api.w.org\/{rel}","templated":true}]}}