{"id":6826,"date":"2019-10-28T08:39:01","date_gmt":"2019-10-28T06:39:01","guid":{"rendered":"https:\/\/ddt.lv\/product\/sviestmaizu-tosters-quadro-unold\/"},"modified":"2026-04-08T14:36:14","modified_gmt":"2026-04-08T11:36:14","slug":"sviestmaizu-tosters-quadro-unold","status":"publish","type":"product","link":"https:\/\/ddt.lv\/ru\/product\/sviestmaizu-tosters-quadro-unold\/","title":{"rendered":"(Latvie\u0161u) Sviestmai\u017eu tosteris 4grauzdi\u0146iem 1100W Quadro UNOLD"},"content":{"rendered":"<p>Ar svietmai\u017eu tosteri Quadro iesp\u0113jams pagatavot l\u012bdz pat 4 karstmaiz\u0113m vien\u0101 cep\u0161anas reiz\u0113. Kontroles gaisma sp\u0113j par\u0101d\u012bt kad virsma ir uzsilusi optim\u0101laj\u0101 temperat\u016br\u0101 un kad maiz\u012btes ir gatavas.<\/p>\n<p>Apr\u012bkots ar nel\u012bpo\u0161u p\u0101rkl\u0101jumu, padarot kop\u0161anu \u0113rtu un vienk\u0101r\u0161u.<\/p>\n","protected":false},"excerpt":{"rendered":"<p>Ar svietmai\u017eu tosteri Quadro iesp\u0113jams pagatavot l\u012bdz pat 4 karstmaiz\u0113m vien\u0101 cep\u0161anas reiz\u0113. Kontroles gaisma sp\u0113j par\u0101d\u012bt kad virsma ir uzsilusi optim\u0101laj\u0101 temperat\u016br\u0101 un kad maiz\u012btes ir gatavas. Apr\u012bkots ar nel\u012bpo\u0161u p\u0101rkl\u0101jumu, padarot kop\u0161anu \u0113rtu un vienk\u0101r\u0161u.<\/p>\n","protected":false},"featured_media":7584,"comment_status":"closed","ping_status":"closed","template":"","meta":{"inline_featured_image":false},"product_cat":[531],"product_tag":[],"yst_prominent_words":[],"class_list":{"0":"post-6826","1":"product","2":"type-product","3":"status-publish","4":"has-post-thumbnail","6":"product_cat-tosteri","8":"first","9":"instock","10":"taxable","11":"shipping-taxable","12":"purchasable","13":"product-type-simple"},"jetpack_sharing_enabled":true,"_links":{"self":[{"href":"https:\/\/ddt.lv\/ru\/wp-json\/wp\/v2\/product\/6826"}],"collection":[{"href":"https:\/\/ddt.lv\/ru\/wp-json\/wp\/v2\/product"}],"about":[{"href":"https:\/\/ddt.lv\/ru\/wp-json\/wp\/v2\/types\/product"}],"replies":[{"embeddable":true,"href":"https:\/\/ddt.lv\/ru\/wp-json\/wp\/v2\/comments?post=6826"}],"wp:featuredmedia":[{"embeddable":true,"href":"https:\/\/ddt.lv\/ru\/wp-json\/wp\/v2\/media\/7584"}],"wp:attachment":[{"href":"https:\/\/ddt.lv\/ru\/wp-json\/wp\/v2\/media?parent=6826"}],"wp:term":[{"taxonomy":"product_cat","embeddable":true,"href":"https:\/\/ddt.lv\/ru\/wp-json\/wp\/v2\/product_cat?post=6826"},{"taxonomy":"product_tag","embeddable":true,"href":"https:\/\/ddt.lv\/ru\/wp-json\/wp\/v2\/product_tag?post=6826"},{"taxonomy":"yst_prominent_words","embeddable":true,"href":"https:\/\/ddt.lv\/ru\/wp-json\/wp\/v2\/yst_prominent_words?post=6826"}],"curies":[{"name":"wp","href":"https:\/\/api.w.org\/{rel}","templated":true}]}}