{"id":6807,"date":"2019-10-28T08:38:58","date_gmt":"2019-10-28T06:38:58","guid":{"rendered":"https:\/\/ddt.lv\/product\/tosters-onyx-duplex-unold\/"},"modified":"2026-04-08T14:36:07","modified_gmt":"2026-04-08T11:36:07","slug":"tosters-onyx-duplex-unold","status":"publish","type":"product","link":"https:\/\/ddt.lv\/ru\/product\/tosters-onyx-duplex-unold\/","title":{"rendered":"(Latvie\u0161u) Tosteris Onyx Duplex Unold"},"content":{"rendered":"<p>Tosteris Onyx Duplex ir apvelt\u012bts ar 4 atver\u0113m, \u013caujot pagatavot l\u012bdz pat 4 grauzdi\u0146iem vien\u0101 reiz\u0113. Aizmugur\u0113j\u0101s atveres ir liel\u0101kas, nodro\u0161inot ar\u012b citu maizes izstr\u0101d\u0101jumu apgrauzd\u0113\u0161anu. No\u0146emams bulci\u0146u sild\u012bt\u0101js un drupa\u010du tvertne.<\/p>\n","protected":false},"excerpt":{"rendered":"<p>Tosteris Onyx Duplex ir apvelt\u012bts ar 4 atver\u0113m, \u013caujot pagatavot l\u012bdz pat 4 grauzdi\u0146iem vien\u0101 reiz\u0113. Aizmugur\u0113j\u0101s atveres ir liel\u0101kas, nodro\u0161inot ar\u012b citu maizes izstr\u0101d\u0101jumu apgrauzd\u0113\u0161anu. No\u0146emams bulci\u0146u sild\u012bt\u0101js un drupa\u010du tvertne.<\/p>\n","protected":false},"featured_media":7605,"comment_status":"closed","ping_status":"closed","template":"","meta":{"inline_featured_image":false},"product_cat":[531],"product_tag":[],"yst_prominent_words":[],"class_list":{"0":"post-6807","1":"product","2":"type-product","3":"status-publish","4":"has-post-thumbnail","6":"product_cat-tosteri","8":"first","9":"instock","10":"taxable","11":"shipping-taxable","12":"purchasable","13":"product-type-simple"},"jetpack_sharing_enabled":true,"_links":{"self":[{"href":"https:\/\/ddt.lv\/ru\/wp-json\/wp\/v2\/product\/6807"}],"collection":[{"href":"https:\/\/ddt.lv\/ru\/wp-json\/wp\/v2\/product"}],"about":[{"href":"https:\/\/ddt.lv\/ru\/wp-json\/wp\/v2\/types\/product"}],"replies":[{"embeddable":true,"href":"https:\/\/ddt.lv\/ru\/wp-json\/wp\/v2\/comments?post=6807"}],"wp:featuredmedia":[{"embeddable":true,"href":"https:\/\/ddt.lv\/ru\/wp-json\/wp\/v2\/media\/7605"}],"wp:attachment":[{"href":"https:\/\/ddt.lv\/ru\/wp-json\/wp\/v2\/media?parent=6807"}],"wp:term":[{"taxonomy":"product_cat","embeddable":true,"href":"https:\/\/ddt.lv\/ru\/wp-json\/wp\/v2\/product_cat?post=6807"},{"taxonomy":"product_tag","embeddable":true,"href":"https:\/\/ddt.lv\/ru\/wp-json\/wp\/v2\/product_tag?post=6807"},{"taxonomy":"yst_prominent_words","embeddable":true,"href":"https:\/\/ddt.lv\/ru\/wp-json\/wp\/v2\/yst_prominent_words?post=6807"}],"curies":[{"name":"wp","href":"https:\/\/api.w.org\/{rel}","templated":true}]}}