{"id":6663,"date":"2019-10-28T08:38:42","date_gmt":"2019-10-28T06:38:42","guid":{"rendered":"https:\/\/ddt.lv\/product\/maizes-krasns-compact-unold\/"},"modified":"2026-04-08T14:35:34","modified_gmt":"2026-04-08T11:35:34","slug":"maizes-krasns-compact-unold","status":"publish","type":"product","link":"https:\/\/ddt.lv\/ru\/product\/maizes-krasns-compact-unold\/","title":{"rendered":"(Latvie\u0161u) Maizes kr\u0101sns Compact UNOLD"},"content":{"rendered":"<p>Maizes kr\u0101sns BACKMEISTER Compact ir lieliski piem\u0113rota \u0123imenei, izmanto\u0161anai m\u0101j\u0101s! T\u0101 sp\u0113j pagatavot l\u012bdz 500g maizes klaipu.<\/p>\n<p>Apr\u012bkota ar 11 programmu atmi\u0146u konkr\u0113t\u0101m maizes recept\u0113m, ar\u012b bez glut\u0113na!<\/p>\n<p>Visas programmas ir iesp\u0113jams iepriek\u0161 ieprogramm\u0113t lidz pat 13 stund\u0101m<span lang=\"lv\">, izmantojot tausti\u0146u Taimeris, un ir regul\u0113jama ar\u012b individu\u0101l\u0101 br\u016bnin\u0101\u0161anas pak\u0101pe.<\/span><\/p>","protected":false},"excerpt":{"rendered":"<p>Maizes kr\u0101sns BACKMEISTER Compact ir lieliski piem\u0113rota \u0123imenei, izmanto\u0161anai m\u0101j\u0101s! T\u0101 sp\u0113j pagatavot l\u012bdz 500g maizes klaipu. Apr\u012bkota ar 11 programmu atmi\u0146u konkr\u0113t\u0101m maizes recept\u0113m, ar\u012b bez glut\u0113na! Visas programmas ir iesp\u0113jams iepriek\u0161 ieprogramm\u0113t lidz pat 13 stund\u0101m, izmantojot tausti\u0146u Taimeris, un ir regul\u0113jama ar\u012b individu\u0101l\u0101 br\u016bnin\u0101\u0161anas pak\u0101pe.<\/p>\n","protected":false},"featured_media":7643,"comment_status":"closed","ping_status":"closed","template":"","meta":{"inline_featured_image":false},"product_cat":[536],"product_tag":[],"yst_prominent_words":[],"class_list":{"0":"post-6663","1":"product","2":"type-product","3":"status-publish","4":"has-post-thumbnail","6":"product_cat-elektriskas-krasnis","8":"first","9":"instock","10":"taxable","11":"shipping-taxable","12":"purchasable","13":"product-type-simple"},"jetpack_sharing_enabled":true,"_links":{"self":[{"href":"https:\/\/ddt.lv\/ru\/wp-json\/wp\/v2\/product\/6663"}],"collection":[{"href":"https:\/\/ddt.lv\/ru\/wp-json\/wp\/v2\/product"}],"about":[{"href":"https:\/\/ddt.lv\/ru\/wp-json\/wp\/v2\/types\/product"}],"replies":[{"embeddable":true,"href":"https:\/\/ddt.lv\/ru\/wp-json\/wp\/v2\/comments?post=6663"}],"wp:featuredmedia":[{"embeddable":true,"href":"https:\/\/ddt.lv\/ru\/wp-json\/wp\/v2\/media\/7643"}],"wp:attachment":[{"href":"https:\/\/ddt.lv\/ru\/wp-json\/wp\/v2\/media?parent=6663"}],"wp:term":[{"taxonomy":"product_cat","embeddable":true,"href":"https:\/\/ddt.lv\/ru\/wp-json\/wp\/v2\/product_cat?post=6663"},{"taxonomy":"product_tag","embeddable":true,"href":"https:\/\/ddt.lv\/ru\/wp-json\/wp\/v2\/product_tag?post=6663"},{"taxonomy":"yst_prominent_words","embeddable":true,"href":"https:\/\/ddt.lv\/ru\/wp-json\/wp\/v2\/yst_prominent_words?post=6663"}],"curies":[{"name":"wp","href":"https:\/\/api.w.org\/{rel}","templated":true}]}}