{"id":6648,"date":"2019-10-28T08:38:41","date_gmt":"2019-10-28T06:38:41","guid":{"rendered":"https:\/\/ddt.lv\/product\/fens-fashion-zils-unold\/"},"modified":"2026-04-08T14:35:29","modified_gmt":"2026-04-08T11:35:29","slug":"fens-fashion-zils-unold","status":"publish","type":"product","link":"https:\/\/ddt.lv\/ru\/product\/fens-fashion-zils-unold\/","title":{"rendered":"(Latvie\u0161u) F\u0113ns Fashion, zils UNOLD"},"content":{"rendered":"<p>F\u0113ns Fashion ir apr\u012bkots ar diviem siltuma re\u017e\u012bmiem un aukt\u0101 gaisa re\u017e\u012bmu.<\/p>\n<p>\u0112rti p\u0101rvietojams som\u0101, lai ar\u012b kur J\u016bs dotos!<\/p>\n","protected":false},"excerpt":{"rendered":"<p>F\u0113ns Fashion ir apr\u012bkots ar diviem siltuma re\u017e\u012bmiem un aukt\u0101 gaisa re\u017e\u012bmu. \u0112rti p\u0101rvietojams som\u0101, lai ar\u012b kur J\u016bs dotos!<\/p>\n","protected":false},"featured_media":7805,"comment_status":"closed","ping_status":"closed","template":"","meta":{"inline_featured_image":false},"product_cat":[548],"product_tag":[],"yst_prominent_words":[],"class_list":{"0":"post-6648","1":"product","2":"type-product","3":"status-publish","4":"has-post-thumbnail","6":"product_cat-feni","8":"first","9":"outofstock","10":"taxable","11":"shipping-taxable","12":"purchasable","13":"product-type-simple"},"jetpack_sharing_enabled":true,"_links":{"self":[{"href":"https:\/\/ddt.lv\/ru\/wp-json\/wp\/v2\/product\/6648"}],"collection":[{"href":"https:\/\/ddt.lv\/ru\/wp-json\/wp\/v2\/product"}],"about":[{"href":"https:\/\/ddt.lv\/ru\/wp-json\/wp\/v2\/types\/product"}],"replies":[{"embeddable":true,"href":"https:\/\/ddt.lv\/ru\/wp-json\/wp\/v2\/comments?post=6648"}],"wp:featuredmedia":[{"embeddable":true,"href":"https:\/\/ddt.lv\/ru\/wp-json\/wp\/v2\/media\/7805"}],"wp:attachment":[{"href":"https:\/\/ddt.lv\/ru\/wp-json\/wp\/v2\/media?parent=6648"}],"wp:term":[{"taxonomy":"product_cat","embeddable":true,"href":"https:\/\/ddt.lv\/ru\/wp-json\/wp\/v2\/product_cat?post=6648"},{"taxonomy":"product_tag","embeddable":true,"href":"https:\/\/ddt.lv\/ru\/wp-json\/wp\/v2\/product_tag?post=6648"},{"taxonomy":"yst_prominent_words","embeddable":true,"href":"https:\/\/ddt.lv\/ru\/wp-json\/wp\/v2\/yst_prominent_words?post=6648"}],"curies":[{"name":"wp","href":"https:\/\/api.w.org\/{rel}","templated":true}]}}