{"id":6645,"date":"2019-10-28T08:38:40","date_gmt":"2019-10-28T06:38:40","guid":{"rendered":"https:\/\/ddt.lv\/product\/olu-varitajs-mini-melna-nerusejosa-terauda-210w-unold\/"},"modified":"2026-04-06T10:55:28","modified_gmt":"2026-04-06T07:55:28","slug":"olu-varitajs-mini-melna-nerusejosa-terauda-210w-unold","status":"publish","type":"product","link":"https:\/\/ddt.lv\/ru\/product\/olu-varitajs-mini-melna-nerusejosa-terauda-210w-unold\/","title":{"rendered":"(Latvie\u0161u) Olu v\u0101r\u012bt\u0101js Mini Ner\u016bs\u0113jo\u0161\u0101 t\u0113rauda 210W UNOLD"},"content":{"rendered":"<p>Run\u0101jot par veiktsp\u0113jas \u012bpa\u0161\u012bb\u0101m, olu v\u0101r\u012btajs Mini var viegli konkur\u0113t ar liel\u0101kajiem mode\u013ciem. K\u0101p\u0113c ieg\u0101d\u0101ties liel\u0101ku, ja \u0123imenei pietiek tikai ar 3 v\u0101r\u012bt\u0101m ol\u0101m brokast\u012bm?<\/p>\n","protected":false},"excerpt":{"rendered":"<p>Run\u0101jot par veiktsp\u0113jas \u012bpa\u0161\u012bb\u0101m, olu v\u0101r\u012btajs Mini var viegli konkur\u0113t ar liel\u0101kajiem mode\u013ciem. K\u0101p\u0113c ieg\u0101d\u0101ties liel\u0101ku, ja \u0123imenei pietiek tikai ar 3 v\u0101r\u012bt\u0101m ol\u0101m brokast\u012bm?<\/p>\n","protected":false},"featured_media":7700,"comment_status":"closed","ping_status":"closed","template":"","meta":{"inline_featured_image":false},"product_cat":[534],"product_tag":[],"yst_prominent_words":[],"class_list":{"0":"post-6645","1":"product","2":"type-product","3":"status-publish","4":"has-post-thumbnail","6":"product_cat-dazadi","8":"first","9":"outofstock","10":"taxable","11":"shipping-taxable","12":"purchasable","13":"product-type-simple"},"jetpack_sharing_enabled":true,"_links":{"self":[{"href":"https:\/\/ddt.lv\/ru\/wp-json\/wp\/v2\/product\/6645"}],"collection":[{"href":"https:\/\/ddt.lv\/ru\/wp-json\/wp\/v2\/product"}],"about":[{"href":"https:\/\/ddt.lv\/ru\/wp-json\/wp\/v2\/types\/product"}],"replies":[{"embeddable":true,"href":"https:\/\/ddt.lv\/ru\/wp-json\/wp\/v2\/comments?post=6645"}],"wp:featuredmedia":[{"embeddable":true,"href":"https:\/\/ddt.lv\/ru\/wp-json\/wp\/v2\/media\/7700"}],"wp:attachment":[{"href":"https:\/\/ddt.lv\/ru\/wp-json\/wp\/v2\/media?parent=6645"}],"wp:term":[{"taxonomy":"product_cat","embeddable":true,"href":"https:\/\/ddt.lv\/ru\/wp-json\/wp\/v2\/product_cat?post=6645"},{"taxonomy":"product_tag","embeddable":true,"href":"https:\/\/ddt.lv\/ru\/wp-json\/wp\/v2\/product_tag?post=6645"},{"taxonomy":"yst_prominent_words","embeddable":true,"href":"https:\/\/ddt.lv\/ru\/wp-json\/wp\/v2\/yst_prominent_words?post=6645"}],"curies":[{"name":"wp","href":"https:\/\/api.w.org\/{rel}","templated":true}]}}