{"id":6632,"date":"2019-10-28T08:38:39","date_gmt":"2019-10-28T06:38:39","guid":{"rendered":"https:\/\/ddt.lv\/product\/gludeklis-autosteam-ultra-2400w-22523-56-rh-russell-hobbs\/"},"modified":"2026-04-13T09:52:48","modified_gmt":"2026-04-13T06:52:48","slug":"gludeklis-autosteam-ultra-2400w-22523-56-rh-russell-hobbs","status":"publish","type":"product","link":"https:\/\/ddt.lv\/ru\/product\/gludeklis-autosteam-ultra-2400w-22523-56-rh-russell-hobbs\/","title":{"rendered":"(Latvie\u0161u) Gludeklis AutoSteam Ultra 2400W 22523-56\/RH Russell Hobbs"},"content":{"rendered":"<p>Autosteam Ultra Iron ir rad\u012bts lai nodro\u0161in\u0101tu maksim\u0101lu veiktsp\u0113ju k\u0101 biezam un raupjam, t\u0101 ar\u012b pl\u0101nam un trauslam audumam.<\/p>\n<p>Tvaika gludeklis ar keramisku pamatplati. Tvaika spiediens 130g\/ min\u016bt\u0113, pa\u0161att\u012bro\u0161a pretka\u013c\u0137a funkcija. Autom\u0101tiska tvaika piem\u0113ro\u0161ana attiec\u012bgajai temperat\u016brai.<\/p>\n<p>2400W jauda, 320ml \u016bdens tvertnes tilpums.<\/p>\n","protected":false},"excerpt":{"rendered":"<p>Autosteam Ultra Iron ir rad\u012bts lai nodro\u0161in\u0101tu maksim\u0101lu veiktsp\u0113ju k\u0101 biezam un raupjam, t\u0101 ar\u012b pl\u0101nam un trauslam audumam. Tvaika gludeklis ar keramisku pamatplati. Tvaika spiediens 130g\/ min\u016bt\u0113, pa\u0161att\u012bro\u0161a pretka\u013c\u0137a funkcija. Autom\u0101tiska tvaika piem\u0113ro\u0161ana attiec\u012bgajai temperat\u016brai. 2400W jauda, 320ml \u016bdens tvertnes tilpums.<\/p>\n","protected":false},"featured_media":7834,"comment_status":"closed","ping_status":"closed","template":"","meta":{"inline_featured_image":false},"product_cat":[539],"product_tag":[],"yst_prominent_words":[],"class_list":{"0":"post-6632","1":"product","2":"type-product","3":"status-publish","4":"has-post-thumbnail","6":"product_cat-gludekli","8":"first","9":"outofstock","10":"taxable","11":"shipping-taxable","12":"purchasable","13":"product-type-simple"},"jetpack_sharing_enabled":true,"_links":{"self":[{"href":"https:\/\/ddt.lv\/ru\/wp-json\/wp\/v2\/product\/6632"}],"collection":[{"href":"https:\/\/ddt.lv\/ru\/wp-json\/wp\/v2\/product"}],"about":[{"href":"https:\/\/ddt.lv\/ru\/wp-json\/wp\/v2\/types\/product"}],"replies":[{"embeddable":true,"href":"https:\/\/ddt.lv\/ru\/wp-json\/wp\/v2\/comments?post=6632"}],"wp:featuredmedia":[{"embeddable":true,"href":"https:\/\/ddt.lv\/ru\/wp-json\/wp\/v2\/media\/7834"}],"wp:attachment":[{"href":"https:\/\/ddt.lv\/ru\/wp-json\/wp\/v2\/media?parent=6632"}],"wp:term":[{"taxonomy":"product_cat","embeddable":true,"href":"https:\/\/ddt.lv\/ru\/wp-json\/wp\/v2\/product_cat?post=6632"},{"taxonomy":"product_tag","embeddable":true,"href":"https:\/\/ddt.lv\/ru\/wp-json\/wp\/v2\/product_tag?post=6632"},{"taxonomy":"yst_prominent_words","embeddable":true,"href":"https:\/\/ddt.lv\/ru\/wp-json\/wp\/v2\/yst_prominent_words?post=6632"}],"curies":[{"name":"wp","href":"https:\/\/api.w.org\/{rel}","templated":true}]}}