{"id":6620,"date":"2019-10-28T08:38:37","date_gmt":"2019-10-28T06:38:37","guid":{"rendered":"https:\/\/ddt.lv\/product\/celojumu-udens-varitajs-0-5l-1000w-unold\/"},"modified":"2026-04-08T14:32:41","modified_gmt":"2026-04-08T11:32:41","slug":"celojumu-udens-varitajs-0-5l-1000w-unold","status":"publish","type":"product","link":"https:\/\/ddt.lv\/ru\/product\/celojumu-udens-varitajs-0-5l-1000w-unold\/","title":{"rendered":"(Latvie\u0161u) Ce\u013cojumu t\u0113jkanna Unold Travel 0.5l 1000W"},"content":{"rendered":"<p>Ce\u013cojumu \u016bdens v\u0101r\u012bt\u0101js ir izmantojams jebkur\u0101 viet\u0101 uz pasaules, pateicoties volt\u0101\u017eas mai\u0146as iesp\u0113jai no 120 uz 230V.<\/p>\n<p>0.5L tilpums, komplekt\u0101 ietilpst: 2 kr\u016bz\u012btes, 2 karot\u012btes, uzglab\u0101\u0161anas trauks un \u016bdens v\u0101r\u012bt\u0101ja soma.<\/p>\n","protected":false},"excerpt":{"rendered":"<p>Ce\u013cojumu \u016bdens v\u0101r\u012bt\u0101js ir izmantojams jebkur\u0101 viet\u0101 uz pasaules, pateicoties volt\u0101\u017eas mai\u0146as iesp\u0113jai no 120 uz 230V. 0.5L tilpums, komplekt\u0101 ietilpst: 2 kr\u016bz\u012btes, 2 karot\u012btes, uzglab\u0101\u0161anas trauks un \u016bdens v\u0101r\u012bt\u0101ja soma.<\/p>\n","protected":false},"featured_media":7933,"comment_status":"closed","ping_status":"closed","template":"","meta":{"inline_featured_image":false},"product_cat":[523],"product_tag":[],"yst_prominent_words":[],"class_list":{"0":"post-6620","1":"product","2":"type-product","3":"status-publish","4":"has-post-thumbnail","6":"product_cat-tejkannas-kafijas-automati","8":"first","9":"outofstock","10":"taxable","11":"shipping-taxable","12":"purchasable","13":"product-type-simple"},"jetpack_sharing_enabled":true,"_links":{"self":[{"href":"https:\/\/ddt.lv\/ru\/wp-json\/wp\/v2\/product\/6620"}],"collection":[{"href":"https:\/\/ddt.lv\/ru\/wp-json\/wp\/v2\/product"}],"about":[{"href":"https:\/\/ddt.lv\/ru\/wp-json\/wp\/v2\/types\/product"}],"replies":[{"embeddable":true,"href":"https:\/\/ddt.lv\/ru\/wp-json\/wp\/v2\/comments?post=6620"}],"wp:featuredmedia":[{"embeddable":true,"href":"https:\/\/ddt.lv\/ru\/wp-json\/wp\/v2\/media\/7933"}],"wp:attachment":[{"href":"https:\/\/ddt.lv\/ru\/wp-json\/wp\/v2\/media?parent=6620"}],"wp:term":[{"taxonomy":"product_cat","embeddable":true,"href":"https:\/\/ddt.lv\/ru\/wp-json\/wp\/v2\/product_cat?post=6620"},{"taxonomy":"product_tag","embeddable":true,"href":"https:\/\/ddt.lv\/ru\/wp-json\/wp\/v2\/product_tag?post=6620"},{"taxonomy":"yst_prominent_words","embeddable":true,"href":"https:\/\/ddt.lv\/ru\/wp-json\/wp\/v2\/yst_prominent_words?post=6620"}],"curies":[{"name":"wp","href":"https:\/\/api.w.org\/{rel}","templated":true}]}}