{"id":6606,"date":"2019-10-28T08:38:35","date_gmt":"2019-10-28T06:38:35","guid":{"rendered":"https:\/\/ddt.lv\/product\/risu-katls-13l-250w-unold\/"},"modified":"2026-04-08T14:32:39","modified_gmt":"2026-04-08T11:32:39","slug":"risu-katls-13l-250w-unold","status":"publish","type":"product","link":"https:\/\/ddt.lv\/ru\/product\/risu-katls-13l-250w-unold\/","title":{"rendered":"(Latvie\u0161u) R\u012bsu katls 1,3L 250W UNOLD"},"content":{"rendered":"<p>Perfektu r\u012bsu un citu graudaugu pagatavo\u0161ana ar R\u012bsu katlu no Unold!<\/p>\n<p>Nek\u0101das p\u0101rv\u0101r\u012b\u0161anas vai mais\u012b\u0161anas, R\u012bsu katls visu darbu paveic pats. Tas sp\u0113j pagatavot no 1 &#8211; 5 porcij\u0101m J\u016bsu izv\u0113l\u0113tos graudaugus.<\/p>\n","protected":false},"excerpt":{"rendered":"<p>Perfektu r\u012bsu un citu graudaugu pagatavo\u0161ana ar R\u012bsu katlu no Unold! Nek\u0101das p\u0101rv\u0101r\u012b\u0161anas vai mais\u012b\u0161anas, R\u012bsu katls visu darbu paveic pats. Tas sp\u0113j pagatavot no 1 &#8211; 5 porcij\u0101m J\u016bsu izv\u0113l\u0113tos graudaugus.<\/p>\n","protected":false},"featured_media":9308,"comment_status":"closed","ping_status":"closed","template":"","meta":{"inline_featured_image":false},"product_cat":[525],"product_tag":[],"yst_prominent_words":[],"class_list":{"0":"post-6606","1":"product","2":"type-product","3":"status-publish","4":"has-post-thumbnail","6":"product_cat-taukvaresrisufritesanas-katl","8":"first","9":"outofstock","10":"taxable","11":"shipping-taxable","12":"purchasable","13":"product-type-simple"},"jetpack_sharing_enabled":true,"_links":{"self":[{"href":"https:\/\/ddt.lv\/ru\/wp-json\/wp\/v2\/product\/6606"}],"collection":[{"href":"https:\/\/ddt.lv\/ru\/wp-json\/wp\/v2\/product"}],"about":[{"href":"https:\/\/ddt.lv\/ru\/wp-json\/wp\/v2\/types\/product"}],"replies":[{"embeddable":true,"href":"https:\/\/ddt.lv\/ru\/wp-json\/wp\/v2\/comments?post=6606"}],"wp:featuredmedia":[{"embeddable":true,"href":"https:\/\/ddt.lv\/ru\/wp-json\/wp\/v2\/media\/9308"}],"wp:attachment":[{"href":"https:\/\/ddt.lv\/ru\/wp-json\/wp\/v2\/media?parent=6606"}],"wp:term":[{"taxonomy":"product_cat","embeddable":true,"href":"https:\/\/ddt.lv\/ru\/wp-json\/wp\/v2\/product_cat?post=6606"},{"taxonomy":"product_tag","embeddable":true,"href":"https:\/\/ddt.lv\/ru\/wp-json\/wp\/v2\/product_tag?post=6606"},{"taxonomy":"yst_prominent_words","embeddable":true,"href":"https:\/\/ddt.lv\/ru\/wp-json\/wp\/v2\/yst_prominent_words?post=6606"}],"curies":[{"name":"wp","href":"https:\/\/api.w.org\/{rel}","templated":true}]}}