{"id":6605,"date":"2019-10-28T08:38:35","date_gmt":"2019-10-28T06:38:35","guid":{"rendered":"https:\/\/ddt.lv\/product\/piena-putotajs-quirly-2xaa-unold\/"},"modified":"2026-04-06T10:52:49","modified_gmt":"2026-04-06T07:52:49","slug":"piena-putotajs-quirly-2xaa-unold","status":"publish","type":"product","link":"https:\/\/ddt.lv\/ru\/product\/piena-putotajs-quirly-2xaa-unold\/","title":{"rendered":"(Latvie\u0161u) Piena putot\u0101js Quirly 2xAA UNOLD"},"content":{"rendered":"<p>Ar putot\u0101ju Quirly iesp\u0113jams uzputot visu nepiecie\u0161amo &#8211; piena puti\u0146as gardai latte, sal\u0101tu m\u0113rc\u012bti vai gardu piena kokteili!<\/p>\n<p>Mazs, \u0113rts un jaud\u012bgs virtuves pal\u012bgs.<\/p>\n<p>Komplekt\u0101 ietilpst ar\u012b \u0161okol\u0101des b\u0101rst\u012btajs, J\u016bsu kafijas piln\u012bgai baud\u012b\u0161anai!<\/p>\n","protected":false},"excerpt":{"rendered":"<p>Ar putot\u0101ju Quirly iesp\u0113jams uzputot visu nepiecie\u0161amo &#8211; piena puti\u0146as gardai latte, sal\u0101tu m\u0113rc\u012bti vai gardu piena kokteili! Mazs, \u0113rts un jaud\u012bgs virtuves pal\u012bgs. Komplekt\u0101 ietilpst ar\u012b \u0161okol\u0101des b\u0101rst\u012btajs, J\u016bsu kafijas piln\u012bgai baud\u012b\u0161anai!<\/p>\n","protected":false},"featured_media":9255,"comment_status":"closed","ping_status":"closed","template":"","meta":{"inline_featured_image":false},"product_cat":[938],"product_tag":[],"yst_prominent_words":[],"class_list":{"0":"post-6605","1":"product","2":"type-product","3":"status-publish","4":"has-post-thumbnail","6":"product_cat-kafijas-automati-un-piederumi","8":"first","9":"outofstock","10":"taxable","11":"shipping-taxable","12":"purchasable","13":"product-type-simple"},"jetpack_sharing_enabled":true,"_links":{"self":[{"href":"https:\/\/ddt.lv\/ru\/wp-json\/wp\/v2\/product\/6605"}],"collection":[{"href":"https:\/\/ddt.lv\/ru\/wp-json\/wp\/v2\/product"}],"about":[{"href":"https:\/\/ddt.lv\/ru\/wp-json\/wp\/v2\/types\/product"}],"replies":[{"embeddable":true,"href":"https:\/\/ddt.lv\/ru\/wp-json\/wp\/v2\/comments?post=6605"}],"wp:featuredmedia":[{"embeddable":true,"href":"https:\/\/ddt.lv\/ru\/wp-json\/wp\/v2\/media\/9255"}],"wp:attachment":[{"href":"https:\/\/ddt.lv\/ru\/wp-json\/wp\/v2\/media?parent=6605"}],"wp:term":[{"taxonomy":"product_cat","embeddable":true,"href":"https:\/\/ddt.lv\/ru\/wp-json\/wp\/v2\/product_cat?post=6605"},{"taxonomy":"product_tag","embeddable":true,"href":"https:\/\/ddt.lv\/ru\/wp-json\/wp\/v2\/product_tag?post=6605"},{"taxonomy":"yst_prominent_words","embeddable":true,"href":"https:\/\/ddt.lv\/ru\/wp-json\/wp\/v2\/yst_prominent_words?post=6605"}],"curies":[{"name":"wp","href":"https:\/\/api.w.org\/{rel}","templated":true}]}}