{"id":6604,"date":"2019-10-28T08:38:35","date_gmt":"2019-10-28T06:38:35","guid":{"rendered":"https:\/\/ddt.lv\/product\/matu-veidotajs-unold\/"},"modified":"2026-04-13T09:52:43","modified_gmt":"2026-04-13T06:52:43","slug":"matu-veidotajs-unold","status":"publish","type":"product","link":"https:\/\/ddt.lv\/ru\/product\/matu-veidotajs-unold\/","title":{"rendered":"(Latvie\u0161u) Matu taisnot\u0101js ar \u0137emmi 25W max200\u00b0C UNOLD"},"content":{"rendered":"<p>Matu tasno\u0161anas suka no Unold &#8211; lieliska alternat\u012bva matu taisnot\u0101jam, ja dodat priek\u0161roku taisniem matiem.<\/p>\n<p>Sp\u0113j tikt gal\u0101 pat ar cie\u0161\u0101m, dab\u012bgam cirt\u0101m!<\/p>\n","protected":false},"excerpt":{"rendered":"<p>Matu tasno\u0161anas suka no Unold &#8211; lieliska alternat\u012bva matu taisnot\u0101jam, ja dodat priek\u0161roku taisniem matiem. Sp\u0113j tikt gal\u0101 pat ar cie\u0161\u0101m, dab\u012bgam cirt\u0101m!<\/p>\n","protected":false},"featured_media":9247,"comment_status":"closed","ping_status":"closed","template":"","meta":{"inline_featured_image":false},"product_cat":[545],"product_tag":[],"yst_prominent_words":[],"class_list":{"0":"post-6604","1":"product","2":"type-product","3":"status-publish","4":"has-post-thumbnail","6":"product_cat-matu-veidotaji","8":"first","9":"instock","10":"taxable","11":"shipping-taxable","12":"purchasable","13":"product-type-simple"},"jetpack_sharing_enabled":true,"_links":{"self":[{"href":"https:\/\/ddt.lv\/ru\/wp-json\/wp\/v2\/product\/6604"}],"collection":[{"href":"https:\/\/ddt.lv\/ru\/wp-json\/wp\/v2\/product"}],"about":[{"href":"https:\/\/ddt.lv\/ru\/wp-json\/wp\/v2\/types\/product"}],"replies":[{"embeddable":true,"href":"https:\/\/ddt.lv\/ru\/wp-json\/wp\/v2\/comments?post=6604"}],"wp:featuredmedia":[{"embeddable":true,"href":"https:\/\/ddt.lv\/ru\/wp-json\/wp\/v2\/media\/9247"}],"wp:attachment":[{"href":"https:\/\/ddt.lv\/ru\/wp-json\/wp\/v2\/media?parent=6604"}],"wp:term":[{"taxonomy":"product_cat","embeddable":true,"href":"https:\/\/ddt.lv\/ru\/wp-json\/wp\/v2\/product_cat?post=6604"},{"taxonomy":"product_tag","embeddable":true,"href":"https:\/\/ddt.lv\/ru\/wp-json\/wp\/v2\/product_tag?post=6604"},{"taxonomy":"yst_prominent_words","embeddable":true,"href":"https:\/\/ddt.lv\/ru\/wp-json\/wp\/v2\/yst_prominent_words?post=6604"}],"curies":[{"name":"wp","href":"https:\/\/api.w.org\/{rel}","templated":true}]}}