{"id":6600,"date":"2019-10-28T08:38:35","date_gmt":"2019-10-28T06:38:35","guid":{"rendered":"https:\/\/ddt.lv\/product\/sous-vide-cirkulators-unold\/"},"modified":"2026-04-06T10:52:48","modified_gmt":"2026-04-06T07:52:48","slug":"sous-vide-cirkulators-unold","status":"publish","type":"product","link":"https:\/\/ddt.lv\/ru\/product\/sous-vide-cirkulators-unold\/","title":{"rendered":"(Latvie\u0161u) Sous Vide cirkulators ar taimeri 1300W UNOLD"},"content":{"rendered":"<p>Gatavot ar Sous Vide metodi ir vienk\u0101r\u0161i un paroc\u012bgi ar Sous Vide cirkulatoru.<\/p>\n<p>Sp\u0113j uzsild\u012bt l\u012bdz pat 20l \u016bdens un saglab\u0101t taj\u0101 nemain\u012bgu temperat\u016bru.<\/p>\n<p>\u0112diens, iepakots vak\u016bm\u0101, nezaud\u0113 savas v\u0113rt\u012bg\u0101s uzturvielas gatavojot ar Sous Vide.<\/p>\n","protected":false},"excerpt":{"rendered":"<p>Gatavot ar Sous Vide metodi ir vienk\u0101r\u0161i un paroc\u012bgi ar Sous Vide cirkulatoru. Sp\u0113j uzsild\u012bt l\u012bdz pat 20l \u016bdens un saglab\u0101t taj\u0101 nemain\u012bgu temperat\u016bru. \u0112diens, iepakots vak\u016bm\u0101, nezaud\u0113 savas v\u0113rt\u012bg\u0101s uzturvielas gatavojot ar Sous Vide.<\/p>\n","protected":false},"featured_media":9208,"comment_status":"closed","ping_status":"closed","template":"","meta":{"inline_featured_image":false},"product_cat":[534],"product_tag":[],"yst_prominent_words":[],"class_list":{"0":"post-6600","1":"product","2":"type-product","3":"status-publish","4":"has-post-thumbnail","6":"product_cat-dazadi","8":"first","9":"outofstock","10":"taxable","11":"shipping-taxable","12":"purchasable","13":"product-type-simple"},"jetpack_sharing_enabled":true,"_links":{"self":[{"href":"https:\/\/ddt.lv\/ru\/wp-json\/wp\/v2\/product\/6600"}],"collection":[{"href":"https:\/\/ddt.lv\/ru\/wp-json\/wp\/v2\/product"}],"about":[{"href":"https:\/\/ddt.lv\/ru\/wp-json\/wp\/v2\/types\/product"}],"replies":[{"embeddable":true,"href":"https:\/\/ddt.lv\/ru\/wp-json\/wp\/v2\/comments?post=6600"}],"wp:featuredmedia":[{"embeddable":true,"href":"https:\/\/ddt.lv\/ru\/wp-json\/wp\/v2\/media\/9208"}],"wp:attachment":[{"href":"https:\/\/ddt.lv\/ru\/wp-json\/wp\/v2\/media?parent=6600"}],"wp:term":[{"taxonomy":"product_cat","embeddable":true,"href":"https:\/\/ddt.lv\/ru\/wp-json\/wp\/v2\/product_cat?post=6600"},{"taxonomy":"product_tag","embeddable":true,"href":"https:\/\/ddt.lv\/ru\/wp-json\/wp\/v2\/product_tag?post=6600"},{"taxonomy":"yst_prominent_words","embeddable":true,"href":"https:\/\/ddt.lv\/ru\/wp-json\/wp\/v2\/yst_prominent_words?post=6600"}],"curies":[{"name":"wp","href":"https:\/\/api.w.org\/{rel}","templated":true}]}}