{"id":6597,"date":"2019-10-28T08:38:34","date_gmt":"2019-10-28T06:38:34","guid":{"rendered":"https:\/\/ddt.lv\/product\/azijas-fondue-unold\/"},"modified":"2026-04-08T14:32:38","modified_gmt":"2026-04-08T11:32:38","slug":"azijas-fondue-unold","status":"publish","type":"product","link":"https:\/\/ddt.lv\/ru\/product\/azijas-fondue-unold\/","title":{"rendered":"(Latvie\u0161u) \u0100zijas Fond\u012b UNOLD"},"content":{"rendered":"<p>\u0100zijas Fondue ir unik\u0101ls virtuves pal\u012bgs gan sava izskata, gan izpild\u012bjuma d\u0113\u013c!<\/p>\n<p>Ar Fondue iesp\u0113jams vienlaic\u012bgi gril\u0113t un saut\u0113t, padarot \u0113st gatavo\u0161anu un pasnieg\u0161anu par izklaidi.<\/p>\n<p>Grila un Fondue funkcijas darbojas neatkar\u012bgi viena no otras, sniedzot iesp\u0113ju izmantot katru funkciju atsevi\u0161\u0137i.<\/p>\n<p>&nbsp;<\/p>\n","protected":false},"excerpt":{"rendered":"<p>\u0100zijas Fondue ir unik\u0101ls virtuves pal\u012bgs gan sava izskata, gan izpild\u012bjuma d\u0113\u013c! Ar Fondue iesp\u0113jams vienlaic\u012bgi gril\u0113t un saut\u0113t, padarot \u0113st gatavo\u0161anu un pasnieg\u0161anu par izklaidi. Grila un Fondue funkcijas darbojas neatkar\u012bgi viena no otras, sniedzot iesp\u0113ju izmantot katru funkciju atsevi\u0161\u0137i. &nbsp;<\/p>\n","protected":false},"featured_media":9352,"comment_status":"closed","ping_status":"closed","template":"","meta":{"inline_featured_image":false},"product_cat":[526],"product_tag":[],"yst_prominent_words":[],"class_list":{"0":"post-6597","1":"product","2":"type-product","3":"status-publish","4":"has-post-thumbnail","6":"product_cat-fondi-un-sokolades-struklakas","8":"first","9":"instock","10":"taxable","11":"shipping-taxable","12":"purchasable","13":"product-type-simple"},"jetpack_sharing_enabled":true,"_links":{"self":[{"href":"https:\/\/ddt.lv\/ru\/wp-json\/wp\/v2\/product\/6597"}],"collection":[{"href":"https:\/\/ddt.lv\/ru\/wp-json\/wp\/v2\/product"}],"about":[{"href":"https:\/\/ddt.lv\/ru\/wp-json\/wp\/v2\/types\/product"}],"replies":[{"embeddable":true,"href":"https:\/\/ddt.lv\/ru\/wp-json\/wp\/v2\/comments?post=6597"}],"wp:featuredmedia":[{"embeddable":true,"href":"https:\/\/ddt.lv\/ru\/wp-json\/wp\/v2\/media\/9352"}],"wp:attachment":[{"href":"https:\/\/ddt.lv\/ru\/wp-json\/wp\/v2\/media?parent=6597"}],"wp:term":[{"taxonomy":"product_cat","embeddable":true,"href":"https:\/\/ddt.lv\/ru\/wp-json\/wp\/v2\/product_cat?post=6597"},{"taxonomy":"product_tag","embeddable":true,"href":"https:\/\/ddt.lv\/ru\/wp-json\/wp\/v2\/product_tag?post=6597"},{"taxonomy":"yst_prominent_words","embeddable":true,"href":"https:\/\/ddt.lv\/ru\/wp-json\/wp\/v2\/yst_prominent_words?post=6597"}],"curies":[{"name":"wp","href":"https:\/\/api.w.org\/{rel}","templated":true}]}}