{"id":6593,"date":"2019-10-28T08:38:34","date_gmt":"2019-10-28T06:38:34","guid":{"rendered":"https:\/\/ddt.lv\/product\/tosters-design-dual-unold\/"},"modified":"2026-04-08T14:32:37","modified_gmt":"2026-04-08T11:32:37","slug":"tosters-design-dual-unold","status":"publish","type":"product","link":"https:\/\/ddt.lv\/ru\/product\/tosters-design-dual-unold\/","title":{"rendered":"(Latvie\u0161u) Tosteris Design Dual melns\/balts 1350W UNOLD"},"content":{"rendered":"<p>Vizu\u0101li pievilc\u012bgs, jaud\u012bgs virtuves tosteris Design Dual.<\/p>\n<p>Pateicoties dubultaj\u0101m atver\u0113m, sp\u0113j pagatavot l\u012bdz 4 grauzdi\u0146iem vien\u0101 reiz\u0113. Abas atveres ir lielas vis\u0101 garum\u0101, sniedzot iesp\u0113ju uzgrauzd\u0113t ar\u012b liel\u0101kus maizes izstr\u0101d\u0101jumus.<\/p>\n<p>Komplekt\u0101 ietilpst bulci\u0146u sild\u012b\u0161anas stat\u012bvs, sniedzot iesp\u0113ju uzsild\u012bt un atkaus\u0113t J\u016bsu iem\u012b\u013cot\u0101s maiz\u012btes!<\/p>\n","protected":false},"excerpt":{"rendered":"<p>Vizu\u0101li pievilc\u012bgs, jaud\u012bgs virtuves tosteris Design Dual. Pateicoties dubultaj\u0101m atver\u0113m, sp\u0113j pagatavot l\u012bdz 4 grauzdi\u0146iem vien\u0101 reiz\u0113. Abas atveres ir lielas vis\u0101 garum\u0101, sniedzot iesp\u0113ju uzgrauzd\u0113t ar\u012b liel\u0101kus maizes izstr\u0101d\u0101jumus. Komplekt\u0101 ietilpst bulci\u0146u sild\u012b\u0161anas stat\u012bvs, sniedzot iesp\u0113ju uzsild\u012bt un atkaus\u0113t J\u016bsu iem\u012b\u013cot\u0101s maiz\u012btes!<\/p>\n","protected":false},"featured_media":9314,"comment_status":"closed","ping_status":"closed","template":"","meta":{"inline_featured_image":false},"product_cat":[531],"product_tag":[],"yst_prominent_words":[],"class_list":{"0":"post-6593","1":"product","2":"type-product","3":"status-publish","4":"has-post-thumbnail","6":"product_cat-tosteri","8":"first","9":"instock","10":"taxable","11":"shipping-taxable","12":"purchasable","13":"product-type-simple"},"jetpack_sharing_enabled":true,"_links":{"self":[{"href":"https:\/\/ddt.lv\/ru\/wp-json\/wp\/v2\/product\/6593"}],"collection":[{"href":"https:\/\/ddt.lv\/ru\/wp-json\/wp\/v2\/product"}],"about":[{"href":"https:\/\/ddt.lv\/ru\/wp-json\/wp\/v2\/types\/product"}],"replies":[{"embeddable":true,"href":"https:\/\/ddt.lv\/ru\/wp-json\/wp\/v2\/comments?post=6593"}],"wp:featuredmedia":[{"embeddable":true,"href":"https:\/\/ddt.lv\/ru\/wp-json\/wp\/v2\/media\/9314"}],"wp:attachment":[{"href":"https:\/\/ddt.lv\/ru\/wp-json\/wp\/v2\/media?parent=6593"}],"wp:term":[{"taxonomy":"product_cat","embeddable":true,"href":"https:\/\/ddt.lv\/ru\/wp-json\/wp\/v2\/product_cat?post=6593"},{"taxonomy":"product_tag","embeddable":true,"href":"https:\/\/ddt.lv\/ru\/wp-json\/wp\/v2\/product_tag?post=6593"},{"taxonomy":"yst_prominent_words","embeddable":true,"href":"https:\/\/ddt.lv\/ru\/wp-json\/wp\/v2\/yst_prominent_words?post=6593"}],"curies":[{"name":"wp","href":"https:\/\/api.w.org\/{rel}","templated":true}]}}