{"id":6570,"date":"2019-10-28T08:38:32","date_gmt":"2019-10-28T06:38:32","guid":{"rendered":"https:\/\/ddt.lv\/product\/57680-eco-ladejama-ierice-1-4aa-aaa-bl1-varta\/"},"modified":"2026-04-13T09:52:31","modified_gmt":"2026-04-13T06:52:31","slug":"57680-eco-ladejama-ierice-1-4aa-aaa-bl1-varta","status":"publish","type":"product","link":"https:\/\/ddt.lv\/ru\/product\/57680-eco-ladejama-ierice-1-4aa-aaa-bl1-varta\/","title":{"rendered":"57680 \u0417\u0430\u0440\u044f\u0434\u043d\u043e\u0435 \u0443\u0441\u0442\u0440\u043e\u0439\u0441\u0442\u0432\u043e (\u0430\u043a\u043a\u0443\u043c\u0443\u043b\u044f\u0442\u043e\u0440) VARTA ECO Charger, \u0438\u0437\u0433\u043e\u0442\u043e\u0432\u043b\u0435\u043d\u043e \u043d\u0430 50% \u0438\u0437 \u0431\u0438\u043e\u043f\u043b\u0430\u0441\u0442\u0438\u043a\u0430"},"content":{"rendered":"<p>Videi draudz\u012bgs lad\u0113t\u0101js, veidots no 50% bioplastmasas, iet\u0113rpts modern\u0101 un ergonomisk\u0101 dizain\u0101!<br \/>\nParedz\u0113ts lieto\u0161anai ar l\u012bdz pat 4 AA\/AAA baterij\u0101m.<\/p>\n","protected":false},"excerpt":{"rendered":"<p>Videi draudz\u012bgs lad\u0113t\u0101js, veidots no 50% bioplastmasas, iet\u0113rpts modern\u0101 un ergonomisk\u0101 dizain\u0101! Paredz\u0113ts lieto\u0161anai ar l\u012bdz pat 4 AA\/AAA baterij\u0101m.<\/p>\n","protected":false},"featured_media":14809,"comment_status":"closed","ping_status":"closed","template":"","meta":{"inline_featured_image":false},"product_cat":[453],"product_tag":[],"yst_prominent_words":[],"class_list":{"0":"post-6570","1":"product","2":"type-product","3":"status-publish","4":"has-post-thumbnail","6":"product_cat-ladesanas-ierices","8":"first","9":"instock","10":"downloadable","11":"taxable","12":"shipping-taxable","13":"purchasable","14":"product-type-simple"},"jetpack_sharing_enabled":true,"_links":{"self":[{"href":"https:\/\/ddt.lv\/ru\/wp-json\/wp\/v2\/product\/6570"}],"collection":[{"href":"https:\/\/ddt.lv\/ru\/wp-json\/wp\/v2\/product"}],"about":[{"href":"https:\/\/ddt.lv\/ru\/wp-json\/wp\/v2\/types\/product"}],"replies":[{"embeddable":true,"href":"https:\/\/ddt.lv\/ru\/wp-json\/wp\/v2\/comments?post=6570"}],"wp:featuredmedia":[{"embeddable":true,"href":"https:\/\/ddt.lv\/ru\/wp-json\/wp\/v2\/media\/14809"}],"wp:attachment":[{"href":"https:\/\/ddt.lv\/ru\/wp-json\/wp\/v2\/media?parent=6570"}],"wp:term":[{"taxonomy":"product_cat","embeddable":true,"href":"https:\/\/ddt.lv\/ru\/wp-json\/wp\/v2\/product_cat?post=6570"},{"taxonomy":"product_tag","embeddable":true,"href":"https:\/\/ddt.lv\/ru\/wp-json\/wp\/v2\/product_tag?post=6570"},{"taxonomy":"yst_prominent_words","embeddable":true,"href":"https:\/\/ddt.lv\/ru\/wp-json\/wp\/v2\/yst_prominent_words?post=6570"}],"curies":[{"name":"wp","href":"https:\/\/api.w.org\/{rel}","templated":true}]}}