{"id":6522,"date":"2019-10-28T08:38:27","date_gmt":"2019-10-28T06:38:27","guid":{"rendered":"https:\/\/ddt.lv\/product\/kafijas-aparats-ar-dzrinavinam-melns-zals-unold\/"},"modified":"2026-04-06T10:52:25","modified_gmt":"2026-04-06T07:52:25","slug":"kafijas-aparats-ar-dzrinavinam-melns-zals-unold","status":"publish","type":"product","link":"https:\/\/ddt.lv\/ru\/product\/kafijas-aparats-ar-dzrinavinam-melns-zals-unold\/","title":{"rendered":"(Latvie\u0161u) Kafijas apar\u0101ts Unold ar dzrinavi\u0146\u0101m, melns\/za\u013c\u0161"},"content":{"rendered":"<p>Kafijas autom\u0101ts ar ieb\u016bv\u0113t\u0101m kafijas dzirnavi\u0146\u0101m.<\/p>\n<p>Smalki vai rupji malta kafija &#8211; kafijas pupi\u0146as sniedz lielisku piedevu arom\u0101t\u0101 J\u016bsu kafijai!<\/p>\n<p>Iesp\u0113jams lietot ar\u012b ar jau samaltu kafiju. Ieb\u016bv\u0113ts filtrs, nav nepiecie\u0161am\u012bbas p\u0113c pap\u012bra filtriem. Karafes tilpums &#8211; 0.6l (\u010detras tas\u012btes).<\/p>\n","protected":false},"excerpt":{"rendered":"<p>Kafijas autom\u0101ts ar ieb\u016bv\u0113t\u0101m kafijas dzirnavi\u0146\u0101m. Smalki vai rupji malta kafija &#8211; kafijas pupi\u0146as sniedz lielisku piedevu arom\u0101t\u0101 J\u016bsu kafijai! Iesp\u0113jams lietot ar\u012b ar jau samaltu kafiju. Ieb\u016bv\u0113ts filtrs, nav nepiecie\u0161am\u012bbas p\u0113c pap\u012bra filtriem. Karafes tilpums &#8211; 0.6l (\u010detras tas\u012btes).<\/p>\n","protected":false},"featured_media":9362,"comment_status":"closed","ping_status":"closed","template":"","meta":{"inline_featured_image":false},"product_cat":[938],"product_tag":[],"yst_prominent_words":[],"class_list":{"0":"post-6522","1":"product","2":"type-product","3":"status-publish","4":"has-post-thumbnail","6":"product_cat-kafijas-automati-un-piederumi","8":"first","9":"outofstock","10":"taxable","11":"shipping-taxable","12":"purchasable","13":"product-type-simple"},"jetpack_sharing_enabled":true,"_links":{"self":[{"href":"https:\/\/ddt.lv\/ru\/wp-json\/wp\/v2\/product\/6522"}],"collection":[{"href":"https:\/\/ddt.lv\/ru\/wp-json\/wp\/v2\/product"}],"about":[{"href":"https:\/\/ddt.lv\/ru\/wp-json\/wp\/v2\/types\/product"}],"replies":[{"embeddable":true,"href":"https:\/\/ddt.lv\/ru\/wp-json\/wp\/v2\/comments?post=6522"}],"wp:featuredmedia":[{"embeddable":true,"href":"https:\/\/ddt.lv\/ru\/wp-json\/wp\/v2\/media\/9362"}],"wp:attachment":[{"href":"https:\/\/ddt.lv\/ru\/wp-json\/wp\/v2\/media?parent=6522"}],"wp:term":[{"taxonomy":"product_cat","embeddable":true,"href":"https:\/\/ddt.lv\/ru\/wp-json\/wp\/v2\/product_cat?post=6522"},{"taxonomy":"product_tag","embeddable":true,"href":"https:\/\/ddt.lv\/ru\/wp-json\/wp\/v2\/product_tag?post=6522"},{"taxonomy":"yst_prominent_words","embeddable":true,"href":"https:\/\/ddt.lv\/ru\/wp-json\/wp\/v2\/yst_prominent_words?post=6522"}],"curies":[{"name":"wp","href":"https:\/\/api.w.org\/{rel}","templated":true}]}}