{"id":6521,"date":"2019-10-28T08:38:27","date_gmt":"2019-10-28T06:38:27","guid":{"rendered":"https:\/\/ddt.lv\/product\/vafelu-panna-heart-unold\/"},"modified":"2026-04-13T09:52:20","modified_gmt":"2026-04-13T06:52:20","slug":"vafelu-panna-heart-unold","status":"publish","type":"product","link":"https:\/\/ddt.lv\/ru\/product\/vafelu-panna-heart-unold\/","title":{"rendered":"(Latvie\u0161u) Vafe\u013cu panna Heart UNOLD"},"content":{"rendered":"<p>Vafe\u013cu panna ar sirsni\u0146u formas plat\u0113m.<\/p>\n<p>Procesa laik\u0101 regul\u0113jama temperat\u016bra sniedz iesp\u0113ju sasniegt v\u0113lamo krauk\u0161\u0137\u012bgumu un br\u016bnumu J\u016bsu gaumei!<\/p>\n","protected":false},"excerpt":{"rendered":"<p>Vafe\u013cu panna ar sirsni\u0146u formas plat\u0113m. Procesa laik\u0101 regul\u0113jama temperat\u016bra sniedz iesp\u0113ju sasniegt v\u0113lamo krauk\u0161\u0137\u012bgumu un br\u016bnumu J\u016bsu gaumei!<\/p>\n","protected":false},"featured_media":9356,"comment_status":"closed","ping_status":"closed","template":"","meta":{"inline_featured_image":false},"product_cat":[532],"product_tag":[],"yst_prominent_words":[],"class_list":{"0":"post-6521","1":"product","2":"type-product","3":"status-publish","4":"has-post-thumbnail","6":"product_cat-vafelu-pankuku-pannas","8":"first","9":"outofstock","10":"taxable","11":"shipping-taxable","12":"purchasable","13":"product-type-simple"},"jetpack_sharing_enabled":true,"_links":{"self":[{"href":"https:\/\/ddt.lv\/ru\/wp-json\/wp\/v2\/product\/6521"}],"collection":[{"href":"https:\/\/ddt.lv\/ru\/wp-json\/wp\/v2\/product"}],"about":[{"href":"https:\/\/ddt.lv\/ru\/wp-json\/wp\/v2\/types\/product"}],"replies":[{"embeddable":true,"href":"https:\/\/ddt.lv\/ru\/wp-json\/wp\/v2\/comments?post=6521"}],"wp:featuredmedia":[{"embeddable":true,"href":"https:\/\/ddt.lv\/ru\/wp-json\/wp\/v2\/media\/9356"}],"wp:attachment":[{"href":"https:\/\/ddt.lv\/ru\/wp-json\/wp\/v2\/media?parent=6521"}],"wp:term":[{"taxonomy":"product_cat","embeddable":true,"href":"https:\/\/ddt.lv\/ru\/wp-json\/wp\/v2\/product_cat?post=6521"},{"taxonomy":"product_tag","embeddable":true,"href":"https:\/\/ddt.lv\/ru\/wp-json\/wp\/v2\/product_tag?post=6521"},{"taxonomy":"yst_prominent_words","embeddable":true,"href":"https:\/\/ddt.lv\/ru\/wp-json\/wp\/v2\/yst_prominent_words?post=6521"}],"curies":[{"name":"wp","href":"https:\/\/api.w.org\/{rel}","templated":true}]}}