{"id":6519,"date":"2019-10-28T08:38:26","date_gmt":"2019-10-28T06:38:26","guid":{"rendered":"https:\/\/ddt.lv\/product\/matu-ieveidosanas-komplekts-unold\/"},"modified":"2026-04-13T09:52:20","modified_gmt":"2026-04-13T06:52:20","slug":"matu-ieveidosanas-komplekts-unold","status":"publish","type":"product","link":"https:\/\/ddt.lv\/ru\/product\/matu-ieveidosanas-komplekts-unold\/","title":{"rendered":"(Latvie\u0161u) Matu ieveido\u0161anas komplekts UNOLD"},"content":{"rendered":"<p>Unold matu ieveido\u0161anas komplekts &#8211; taisno, loko un ieveido!<br \/>\nCeramisk\u0101 plate taisno\u0161anai,<br \/>\n&#8211; Trimmera asmenis \u00f835mm<br \/>\n&#8211; Apa\u013c\u0101 suka \u00f834mm<br \/>\n&#8211; 2 Temperat\u016bras re\u017e\u012bmi 80 \u00b0 C &#8211; 200 \u00b0 C<br \/>\n&#8211; 45W ar elektronisku ekr\u0101nu<\/p>\n","protected":false},"excerpt":{"rendered":"<p>Unold matu ieveido\u0161anas komplekts &#8211; taisno, loko un ieveido! Ceramisk\u0101 plate taisno\u0161anai, &#8211; Trimmera asmenis \u00f835mm &#8211; Apa\u013c\u0101 suka \u00f834mm &#8211; 2 Temperat\u016bras re\u017e\u012bmi 80 \u00b0 C &#8211; 200 \u00b0 C &#8211; 45W ar elektronisku ekr\u0101nu<\/p>\n","protected":false},"featured_media":10554,"comment_status":"closed","ping_status":"closed","template":"","meta":{"inline_featured_image":false},"product_cat":[545],"product_tag":[],"yst_prominent_words":[],"class_list":{"0":"post-6519","1":"product","2":"type-product","3":"status-publish","4":"has-post-thumbnail","6":"product_cat-matu-veidotaji","8":"first","9":"outofstock","10":"taxable","11":"shipping-taxable","12":"purchasable","13":"product-type-simple"},"jetpack_sharing_enabled":true,"_links":{"self":[{"href":"https:\/\/ddt.lv\/ru\/wp-json\/wp\/v2\/product\/6519"}],"collection":[{"href":"https:\/\/ddt.lv\/ru\/wp-json\/wp\/v2\/product"}],"about":[{"href":"https:\/\/ddt.lv\/ru\/wp-json\/wp\/v2\/types\/product"}],"replies":[{"embeddable":true,"href":"https:\/\/ddt.lv\/ru\/wp-json\/wp\/v2\/comments?post=6519"}],"wp:featuredmedia":[{"embeddable":true,"href":"https:\/\/ddt.lv\/ru\/wp-json\/wp\/v2\/media\/10554"}],"wp:attachment":[{"href":"https:\/\/ddt.lv\/ru\/wp-json\/wp\/v2\/media?parent=6519"}],"wp:term":[{"taxonomy":"product_cat","embeddable":true,"href":"https:\/\/ddt.lv\/ru\/wp-json\/wp\/v2\/product_cat?post=6519"},{"taxonomy":"product_tag","embeddable":true,"href":"https:\/\/ddt.lv\/ru\/wp-json\/wp\/v2\/product_tag?post=6519"},{"taxonomy":"yst_prominent_words","embeddable":true,"href":"https:\/\/ddt.lv\/ru\/wp-json\/wp\/v2\/yst_prominent_words?post=6519"}],"curies":[{"name":"wp","href":"https:\/\/api.w.org\/{rel}","templated":true}]}}