{"id":6517,"date":"2019-10-28T08:38:26","date_gmt":"2019-10-28T06:38:26","guid":{"rendered":"https:\/\/ddt.lv\/product\/elektriska-tejkanna-golf-1-7l-melna-unold\/"},"modified":"2026-04-01T00:12:23","modified_gmt":"2026-03-31T21:12:23","slug":"elektriska-tejkanna-golf-1-7l-melna-unold","status":"publish","type":"product","link":"https:\/\/ddt.lv\/ru\/product\/elektriska-tejkanna-golf-1-7l-melna-unold\/","title":{"rendered":"(Latvie\u0161u) Elektrisk\u0101 t\u0113jkanna Unold GOLF 1.7l, melna"},"content":{"rendered":"<p>1.7L \u016bdens tiek uzv\u0101r\u012bts zibens \u0101trum\u0101 ar t\u0113jkannu Golf!<\/p>\n<p>T\u0101 \u0161ikais dizains un vieglums ( tikai 850g) lieliski papildina virtuvi, lai kur t\u0101 atrastos &#8211; m\u0101j\u0101s, darb\u0101, ofis\u0101 vai gar\u0101\u017e\u0101.<\/p>\n","protected":false},"excerpt":{"rendered":"<p>1.7L \u016bdens tiek uzv\u0101r\u012bts zibens \u0101trum\u0101 ar t\u0113jkannu Golf! T\u0101 \u0161ikais dizains un vieglums ( tikai 850g) lieliski papildina virtuvi, lai kur t\u0101 atrastos &#8211; m\u0101j\u0101s, darb\u0101, ofis\u0101 vai gar\u0101\u017e\u0101.<\/p>\n","protected":false},"featured_media":10548,"comment_status":"closed","ping_status":"closed","template":"","meta":{"inline_featured_image":false},"product_cat":[523],"product_tag":[],"yst_prominent_words":[],"class_list":{"0":"post-6517","1":"product","2":"type-product","3":"status-publish","4":"has-post-thumbnail","6":"product_cat-tejkannas-kafijas-automati","8":"first","9":"outofstock","10":"taxable","11":"shipping-taxable","12":"purchasable","13":"product-type-simple"},"jetpack_sharing_enabled":true,"_links":{"self":[{"href":"https:\/\/ddt.lv\/ru\/wp-json\/wp\/v2\/product\/6517"}],"collection":[{"href":"https:\/\/ddt.lv\/ru\/wp-json\/wp\/v2\/product"}],"about":[{"href":"https:\/\/ddt.lv\/ru\/wp-json\/wp\/v2\/types\/product"}],"replies":[{"embeddable":true,"href":"https:\/\/ddt.lv\/ru\/wp-json\/wp\/v2\/comments?post=6517"}],"wp:featuredmedia":[{"embeddable":true,"href":"https:\/\/ddt.lv\/ru\/wp-json\/wp\/v2\/media\/10548"}],"wp:attachment":[{"href":"https:\/\/ddt.lv\/ru\/wp-json\/wp\/v2\/media?parent=6517"}],"wp:term":[{"taxonomy":"product_cat","embeddable":true,"href":"https:\/\/ddt.lv\/ru\/wp-json\/wp\/v2\/product_cat?post=6517"},{"taxonomy":"product_tag","embeddable":true,"href":"https:\/\/ddt.lv\/ru\/wp-json\/wp\/v2\/product_tag?post=6517"},{"taxonomy":"yst_prominent_words","embeddable":true,"href":"https:\/\/ddt.lv\/ru\/wp-json\/wp\/v2\/yst_prominent_words?post=6517"}],"curies":[{"name":"wp","href":"https:\/\/api.w.org\/{rel}","templated":true}]}}