{"id":6500,"date":"2019-10-28T08:38:24","date_gmt":"2019-10-28T06:38:24","guid":{"rendered":"https:\/\/ddt.lv\/product\/termometrs-bezvadu-ar-displ-pulkst-modinataju-aaax2-emos\/"},"modified":"2026-04-17T13:25:43","modified_gmt":"2026-04-17T10:25:43","slug":"termometrs-bezvadu-ar-displ-pulkst-modinataju-aaax2-emos","status":"publish","type":"product","link":"https:\/\/ddt.lv\/ru\/product\/termometrs-bezvadu-ar-displ-pulkst-modinataju-aaax2-emos\/","title":{"rendered":"(Latvie\u0161u) Termometrs bezvadu ar displeju\/pulksteni\/modin\u0101t\u0101ju (2xAAA) EMOS"},"content":{"rendered":"<p>Bezvadu termometrs ar iek\u0161telpu un \u0101ra temperat\u016bras r\u0101d\u012bt\u0101jiem. Termometram ir bezvadu sensors ar darb\u012bbas r\u0101diusu l\u012bdz 30 m.<\/p>\n","protected":false},"excerpt":{"rendered":"<p>Bezvadu termometrs ar iek\u0161telpu un \u0101ra temperat\u016bras r\u0101d\u012bt\u0101jiem. Termometram ir bezvadu sensors ar darb\u012bbas r\u0101diusu l\u012bdz 30 m.<\/p>\n","protected":false},"featured_media":16145,"comment_status":"closed","ping_status":"closed","template":"","meta":{"inline_featured_image":false},"product_cat":[541],"product_tag":[],"yst_prominent_words":[],"class_list":{"0":"post-6500","1":"product","2":"type-product","3":"status-publish","4":"has-post-thumbnail","6":"product_cat-termometri-meteostacijas","8":"first","9":"instock","10":"taxable","11":"shipping-taxable","12":"purchasable","13":"product-type-simple"},"jetpack_sharing_enabled":true,"_links":{"self":[{"href":"https:\/\/ddt.lv\/ru\/wp-json\/wp\/v2\/product\/6500"}],"collection":[{"href":"https:\/\/ddt.lv\/ru\/wp-json\/wp\/v2\/product"}],"about":[{"href":"https:\/\/ddt.lv\/ru\/wp-json\/wp\/v2\/types\/product"}],"replies":[{"embeddable":true,"href":"https:\/\/ddt.lv\/ru\/wp-json\/wp\/v2\/comments?post=6500"}],"wp:featuredmedia":[{"embeddable":true,"href":"https:\/\/ddt.lv\/ru\/wp-json\/wp\/v2\/media\/16145"}],"wp:attachment":[{"href":"https:\/\/ddt.lv\/ru\/wp-json\/wp\/v2\/media?parent=6500"}],"wp:term":[{"taxonomy":"product_cat","embeddable":true,"href":"https:\/\/ddt.lv\/ru\/wp-json\/wp\/v2\/product_cat?post=6500"},{"taxonomy":"product_tag","embeddable":true,"href":"https:\/\/ddt.lv\/ru\/wp-json\/wp\/v2\/product_tag?post=6500"},{"taxonomy":"yst_prominent_words","embeddable":true,"href":"https:\/\/ddt.lv\/ru\/wp-json\/wp\/v2\/yst_prominent_words?post=6500"}],"curies":[{"name":"wp","href":"https:\/\/api.w.org\/{rel}","templated":true}]}}