{"id":6449,"date":"2019-10-28T08:38:15","date_gmt":"2019-10-28T06:38:15","guid":{"rendered":"https:\/\/ddt.lv\/product\/celojumu-tejkanna-balta-0-5l-1000w-230v-unold\/"},"modified":"2026-04-01T00:12:13","modified_gmt":"2026-03-31T21:12:13","slug":"celojumu-tejkanna-balta-0-5l-1000w-230v-unold","status":"publish","type":"product","link":"https:\/\/ddt.lv\/ru\/product\/celojumu-tejkanna-balta-0-5l-1000w-230v-unold\/","title":{"rendered":"(Latvie\u0161u) Ce\u013cojumu t\u0113jkanna Unold balta 0.5L 1000W 230V"},"content":{"rendered":"<p>Ce\u013cojumu t\u0113jkanna no Unold &#8211; kompakts pavadonis, kad esat ce\u013c\u0101!<\/p>\n<p>T\u0113jkanna ir apzin\u0101ti veidota \u0101rpus m\u0101jas lieto\u0161anai, kompakta, jaud\u012bga un ar visu nepiecie\u0161amo komplekt\u0101cij\u0101.<\/p>\n<p>T\u0113jkann\u0101 ir vieta div\u0101m tas\u012bt\u0113m, div\u0101m karot\u0113m kafijas\/t\u0113jas filtram un dal\u012btam uzglab\u0101\u0161anas traukam \u0113rtai p\u0101rvad\u0101\u0161anai. Un tas viss ietilpst t\u0113jakannas korpus\u0101!<\/p>\n","protected":false},"excerpt":{"rendered":"<p>Ce\u013cojumu t\u0113jkanna no Unold &#8211; kompakts pavadonis, kad esat ce\u013c\u0101! T\u0113jkanna ir apzin\u0101ti veidota \u0101rpus m\u0101jas lieto\u0161anai, kompakta, jaud\u012bga un ar visu nepiecie\u0161amo komplekt\u0101cij\u0101. T\u0113jkann\u0101 ir vieta div\u0101m tas\u012bt\u0113m, div\u0101m karot\u0113m kafijas\/t\u0113jas filtram un dal\u012btam uzglab\u0101\u0161anas traukam \u0113rtai p\u0101rvad\u0101\u0161anai. Un tas viss ietilpst t\u0113jakannas korpus\u0101!<\/p>\n","protected":false},"featured_media":11809,"comment_status":"closed","ping_status":"closed","template":"","meta":{"inline_featured_image":false},"product_cat":[523],"product_tag":[],"yst_prominent_words":[],"class_list":{"0":"post-6449","1":"product","2":"type-product","3":"status-publish","4":"has-post-thumbnail","6":"product_cat-tejkannas-kafijas-automati","8":"first","9":"outofstock","10":"taxable","11":"shipping-taxable","12":"purchasable","13":"product-type-simple"},"jetpack_sharing_enabled":true,"_links":{"self":[{"href":"https:\/\/ddt.lv\/ru\/wp-json\/wp\/v2\/product\/6449"}],"collection":[{"href":"https:\/\/ddt.lv\/ru\/wp-json\/wp\/v2\/product"}],"about":[{"href":"https:\/\/ddt.lv\/ru\/wp-json\/wp\/v2\/types\/product"}],"replies":[{"embeddable":true,"href":"https:\/\/ddt.lv\/ru\/wp-json\/wp\/v2\/comments?post=6449"}],"wp:featuredmedia":[{"embeddable":true,"href":"https:\/\/ddt.lv\/ru\/wp-json\/wp\/v2\/media\/11809"}],"wp:attachment":[{"href":"https:\/\/ddt.lv\/ru\/wp-json\/wp\/v2\/media?parent=6449"}],"wp:term":[{"taxonomy":"product_cat","embeddable":true,"href":"https:\/\/ddt.lv\/ru\/wp-json\/wp\/v2\/product_cat?post=6449"},{"taxonomy":"product_tag","embeddable":true,"href":"https:\/\/ddt.lv\/ru\/wp-json\/wp\/v2\/product_tag?post=6449"},{"taxonomy":"yst_prominent_words","embeddable":true,"href":"https:\/\/ddt.lv\/ru\/wp-json\/wp\/v2\/yst_prominent_words?post=6449"}],"curies":[{"name":"wp","href":"https:\/\/api.w.org\/{rel}","templated":true}]}}