{"id":6448,"date":"2019-10-28T08:38:15","date_gmt":"2019-10-28T06:38:15","guid":{"rendered":"https:\/\/ddt.lv\/product\/pie-sienas-stiprinams-matu-fens-1800w-unold\/"},"modified":"2026-04-13T09:52:09","modified_gmt":"2026-04-13T06:52:09","slug":"pie-sienas-stiprinams-matu-fens-1800w-unold","status":"publish","type":"product","link":"https:\/\/ddt.lv\/ru\/product\/pie-sienas-stiprinams-matu-fens-1800w-unold\/","title":{"rendered":"(Latvie\u0161u) Pie sienas stiprin\u0101ms matu f\u0113ns 1800W UNOLD"},"content":{"rendered":"<p>Lielisks dizaina un praktiskuma apvienojums &#8211; pie sienas stiprin\u0101ms f\u0113ns no Unold.<\/p>\n<p>Apr\u012bkots ar 1800w jaud\u012bgu motoru, autom\u0101tiski izsl\u0113dzas ieliekot tur\u0113t\u0101j\u0101. Piem\u0113rots ar\u012b publisk\u0101s viet\u0101s, piem\u0113ram, pirt\u012bs, baseinos. 2M Gar\u0161 vads no f\u0113na l\u012bdz tur\u0113t\u0101jam, 1m gar\u0161 vads no tur\u0113t\u0101ja l\u012bdz rozetei.<\/p>\n","protected":false},"excerpt":{"rendered":"<p>Lielisks dizaina un praktiskuma apvienojums &#8211; pie sienas stiprin\u0101ms f\u0113ns no Unold. Apr\u012bkots ar 1800w jaud\u012bgu motoru, autom\u0101tiski izsl\u0113dzas ieliekot tur\u0113t\u0101j\u0101. Piem\u0113rots ar\u012b publisk\u0101s viet\u0101s, piem\u0113ram, pirt\u012bs, baseinos. 2M Gar\u0161 vads no f\u0113na l\u012bdz tur\u0113t\u0101jam, 1m gar\u0161 vads no tur\u0113t\u0101ja l\u012bdz rozetei.<\/p>\n","protected":false},"featured_media":11804,"comment_status":"closed","ping_status":"closed","template":"","meta":{"inline_featured_image":false},"product_cat":[548],"product_tag":[],"yst_prominent_words":[],"class_list":{"0":"post-6448","1":"product","2":"type-product","3":"status-publish","4":"has-post-thumbnail","6":"product_cat-feni","8":"first","9":"outofstock","10":"taxable","11":"shipping-taxable","12":"purchasable","13":"product-type-simple"},"jetpack_sharing_enabled":true,"_links":{"self":[{"href":"https:\/\/ddt.lv\/ru\/wp-json\/wp\/v2\/product\/6448"}],"collection":[{"href":"https:\/\/ddt.lv\/ru\/wp-json\/wp\/v2\/product"}],"about":[{"href":"https:\/\/ddt.lv\/ru\/wp-json\/wp\/v2\/types\/product"}],"replies":[{"embeddable":true,"href":"https:\/\/ddt.lv\/ru\/wp-json\/wp\/v2\/comments?post=6448"}],"wp:featuredmedia":[{"embeddable":true,"href":"https:\/\/ddt.lv\/ru\/wp-json\/wp\/v2\/media\/11804"}],"wp:attachment":[{"href":"https:\/\/ddt.lv\/ru\/wp-json\/wp\/v2\/media?parent=6448"}],"wp:term":[{"taxonomy":"product_cat","embeddable":true,"href":"https:\/\/ddt.lv\/ru\/wp-json\/wp\/v2\/product_cat?post=6448"},{"taxonomy":"product_tag","embeddable":true,"href":"https:\/\/ddt.lv\/ru\/wp-json\/wp\/v2\/product_tag?post=6448"},{"taxonomy":"yst_prominent_words","embeddable":true,"href":"https:\/\/ddt.lv\/ru\/wp-json\/wp\/v2\/yst_prominent_words?post=6448"}],"curies":[{"name":"wp","href":"https:\/\/api.w.org\/{rel}","templated":true}]}}