{"id":6234,"date":"2019-10-28T08:37:43","date_gmt":"2019-10-28T06:37:43","guid":{"rendered":"https:\/\/ddt.lv\/product\/elektriska-tejkanna-easy-1-7l-melna-unold\/"},"modified":"2021-05-15T13:10:31","modified_gmt":"2021-05-15T10:10:31","slug":"elektriska-tejkanna-easy-1-7l-melna-unold","status":"publish","type":"product","link":"https:\/\/ddt.lv\/ru\/product\/elektriska-tejkanna-easy-1-7l-melna-unold\/","title":{"rendered":"*Elektrisk\u0101 t\u0113jkanna Unold Easy 1.7l, melna"},"content":{"rendered":"<p>Iepaz\u012bstin\u0101m J\u016bs ar t\u0113jkannu Unold \u2018Easy\u2019.<\/p>\n<p>T\u0101s klasiskais izskats ir piem\u0113rots jebkuram virtuves dizainam. T\u0101 sp\u0113j uzsild\u012bt l\u012bdz pat 1.7 litriem \u016bdens \u013coti \u0101tri. Arom\u0101tiskai t\u0113jai, kr\u016bzei kafijas vai \u0101tri pagatavojamai uzkodai starp \u0113dienreiz\u0113m\u2026 M\u0101j\u0101s vai ofis\u0101, ar t\u0113jkannu \u2018Easy\u2019 karstais \u016bdens b\u016bs \u0101tri pieejams.<\/p>\n<p>&nbsp;<\/p>\n<p>\u0112rta t\u012br\u012b\u0161ana. T\u0113jkanna ir apvelt\u012bta ar pla\u0161u atveri un sildelementam ir dro\u0161\u012bbas p\u0101rkl\u0101jums.<\/p>\n","protected":false},"excerpt":{"rendered":"<p>Iepaz\u012bstin\u0101m J\u016bs ar t\u0113jkannu Unold \u2018Easy\u2019. T\u0101s klasiskais izskats ir piem\u0113rots jebkuram virtuves dizainam. T\u0101 sp\u0113j uzsild\u012bt l\u012bdz pat 1.7 litriem \u016bdens \u013coti \u0101tri. Arom\u0101tiskai t\u0113jai, kr\u016bzei kafijas vai \u0101tri pagatavojamai uzkodai starp \u0113dienreiz\u0113m\u2026 M\u0101j\u0101s vai ofis\u0101, ar t\u0113jkannu \u2018Easy\u2019 karstais \u016bdens b\u016bs \u0101tri pieejams. &nbsp; \u0112rta t\u012br\u012b\u0161ana. T\u0113jkanna ir apvelt\u012bta ar pla\u0161u atveri un [&hellip;]<\/p>\n","protected":false},"featured_media":11911,"comment_status":"closed","ping_status":"closed","template":"","meta":{"inline_featured_image":false},"product_cat":[521,522,523],"product_tag":[],"yst_prominent_words":[],"class_list":{"0":"post-6234","1":"product","2":"type-product","3":"status-publish","4":"has-post-thumbnail","6":"product_cat-sadzives-tehnika","7":"product_cat-virtuves-tehnika","8":"product_cat-tejkannas-kafijas-automati","10":"first","11":"outofstock","12":"taxable","13":"shipping-taxable","14":"purchasable","15":"product-type-simple"},"jetpack_sharing_enabled":true,"_links":{"self":[{"href":"https:\/\/ddt.lv\/ru\/wp-json\/wp\/v2\/product\/6234"}],"collection":[{"href":"https:\/\/ddt.lv\/ru\/wp-json\/wp\/v2\/product"}],"about":[{"href":"https:\/\/ddt.lv\/ru\/wp-json\/wp\/v2\/types\/product"}],"replies":[{"embeddable":true,"href":"https:\/\/ddt.lv\/ru\/wp-json\/wp\/v2\/comments?post=6234"}],"wp:featuredmedia":[{"embeddable":true,"href":"https:\/\/ddt.lv\/ru\/wp-json\/wp\/v2\/media\/11911"}],"wp:attachment":[{"href":"https:\/\/ddt.lv\/ru\/wp-json\/wp\/v2\/media?parent=6234"}],"wp:term":[{"taxonomy":"product_cat","embeddable":true,"href":"https:\/\/ddt.lv\/ru\/wp-json\/wp\/v2\/product_cat?post=6234"},{"taxonomy":"product_tag","embeddable":true,"href":"https:\/\/ddt.lv\/ru\/wp-json\/wp\/v2\/product_tag?post=6234"},{"taxonomy":"yst_prominent_words","embeddable":true,"href":"https:\/\/ddt.lv\/ru\/wp-json\/wp\/v2\/yst_prominent_words?post=6234"}],"curies":[{"name":"wp","href":"https:\/\/api.w.org\/{rel}","templated":true}]}}