{"id":6222,"date":"2019-10-28T08:37:39","date_gmt":"2019-10-28T06:37:39","guid":{"rendered":"https:\/\/ddt.lv\/product\/elektriska-tejkanna-ar-regulejamu-temperaturu-unold\/"},"modified":"2026-04-08T14:31:27","modified_gmt":"2026-04-08T11:31:27","slug":"elektriska-tejkanna-ar-regulejamu-temperaturu-unold","status":"publish","type":"product","link":"https:\/\/ddt.lv\/ru\/product\/elektriska-tejkanna-ar-regulejamu-temperaturu-unold\/","title":{"rendered":"(Latvie\u0161u) Elektrisk\u0101 t\u0113jkanna Unold Glass, ar regul\u0113jamu temperat\u016bru, balta"},"content":{"rendered":"<p>\u0160\u012b ier\u012bce aizrauj ik vienu t\u0113jas baud\u012bt\u0101ju! T\u0113jkanna GLASS nodro\u0161ina karstu \u016bdeni ide\u0101l\u0101 temperat\u016br\u0101 J\u016bsu izv\u0113l\u0113tajai t\u0113jai, lai t\u0101 nezaud\u0113tu savas v\u0113rt\u012bg\u0101s \u012bpa\u0161\u012bbas. Pamatnes sk\u0101rienj\u016bt\u012bgaj\u0101 vad\u012bbas panel\u012b temperat\u016bru var \u0113rti iestat\u012bt no 60 l\u012bdz 100 gr\u0101diem ar 10 gr\u0101du soli. Ra\u017eo\u0161an\u0101 izmantota plastmasa, kura nesatur BPA un stikls no SCHOTT DURAN. \u00a0 https:\/\/www.schott.com\/tubing\/english\/products\/duran.html<\/p>\n","protected":false},"excerpt":{"rendered":"<p>\u0160\u012b ier\u012bce aizrauj ik vienu t\u0113jas baud\u012bt\u0101ju! T\u0113jkanna GLASS nodro\u0161ina karstu \u016bdeni ide\u0101l\u0101 temperat\u016br\u0101 J\u016bsu izv\u0113l\u0113tajai t\u0113jai, lai t\u0101 nezaud\u0113tu savas v\u0113rt\u012bg\u0101s \u012bpa\u0161\u012bbas. Pamatnes sk\u0101rienj\u016bt\u012bgaj\u0101 vad\u012bbas panel\u012b temperat\u016bru var \u0113rti iestat\u012bt no 60 l\u012bdz 100 gr\u0101diem ar 10 gr\u0101du soli. Ra\u017eo\u0161an\u0101 izmantota plastmasa, kura nesatur BPA un stikls no SCHOTT DURAN. \u00a0 https:\/\/www.schott.com\/tubing\/english\/products\/duran.html<\/p>\n","protected":false},"featured_media":11997,"comment_status":"closed","ping_status":"closed","template":"","meta":{"inline_featured_image":false},"product_cat":[523],"product_tag":[],"yst_prominent_words":[],"class_list":{"0":"post-6222","1":"product","2":"type-product","3":"status-publish","4":"has-post-thumbnail","6":"product_cat-tejkannas-kafijas-automati","8":"first","9":"outofstock","10":"taxable","11":"shipping-taxable","12":"purchasable","13":"product-type-simple"},"jetpack_sharing_enabled":true,"_links":{"self":[{"href":"https:\/\/ddt.lv\/ru\/wp-json\/wp\/v2\/product\/6222"}],"collection":[{"href":"https:\/\/ddt.lv\/ru\/wp-json\/wp\/v2\/product"}],"about":[{"href":"https:\/\/ddt.lv\/ru\/wp-json\/wp\/v2\/types\/product"}],"replies":[{"embeddable":true,"href":"https:\/\/ddt.lv\/ru\/wp-json\/wp\/v2\/comments?post=6222"}],"wp:featuredmedia":[{"embeddable":true,"href":"https:\/\/ddt.lv\/ru\/wp-json\/wp\/v2\/media\/11997"}],"wp:attachment":[{"href":"https:\/\/ddt.lv\/ru\/wp-json\/wp\/v2\/media?parent=6222"}],"wp:term":[{"taxonomy":"product_cat","embeddable":true,"href":"https:\/\/ddt.lv\/ru\/wp-json\/wp\/v2\/product_cat?post=6222"},{"taxonomy":"product_tag","embeddable":true,"href":"https:\/\/ddt.lv\/ru\/wp-json\/wp\/v2\/product_tag?post=6222"},{"taxonomy":"yst_prominent_words","embeddable":true,"href":"https:\/\/ddt.lv\/ru\/wp-json\/wp\/v2\/yst_prominent_words?post=6222"}],"curies":[{"name":"wp","href":"https:\/\/api.w.org\/{rel}","templated":true}]}}