{"id":6220,"date":"2019-10-28T08:37:39","date_gmt":"2019-10-28T06:37:39","guid":{"rendered":"https:\/\/ddt.lv\/product\/taukvares-katls-compact-unold-2\/"},"modified":"2026-04-08T14:31:26","modified_gmt":"2026-04-08T11:31:26","slug":"taukvares-katls-compact-unold-2","status":"publish","type":"product","link":"https:\/\/ddt.lv\/ru\/product\/taukvares-katls-compact-unold\/","title":{"rendered":"(Latvie\u0161u) Taukv\u0101res katls Compact UNOLD"},"content":{"rendered":"<p>Deep fryer no Unold ir profesion\u0101ls taukv\u0101res katls, kur\u0161 \u0101tri uzsilda e\u013c\u013cu un \u0101tri apcep produktus, saglab\u0101jot e\u013c\u013cu t\u012bru ilg\u0101k.<\/p>\n<p>Vien\u0101 cep\u0161anas reiz\u0113 iesp\u0113jams pagatavot aptuveni 750g fr\u012b kartupe\u013cus. E\u013c\u013cas tvertnes tilpums 3l.<\/p>\n<p>&nbsp;<\/p>\n","protected":false},"excerpt":{"rendered":"<p>Deep fryer no Unold ir profesion\u0101ls taukv\u0101res katls, kur\u0161 \u0101tri uzsilda e\u013c\u013cu un \u0101tri apcep produktus, saglab\u0101jot e\u013c\u013cu t\u012bru ilg\u0101k. Vien\u0101 cep\u0161anas reiz\u0113 iesp\u0113jams pagatavot aptuveni 750g fr\u012b kartupe\u013cus. E\u013c\u013cas tvertnes tilpums 3l. &nbsp;<\/p>\n","protected":false},"featured_media":11923,"comment_status":"closed","ping_status":"closed","template":"","meta":{"inline_featured_image":false},"product_cat":[525],"product_tag":[],"yst_prominent_words":[],"class_list":{"0":"post-6220","1":"product","2":"type-product","3":"status-publish","4":"has-post-thumbnail","6":"product_cat-taukvaresrisufritesanas-katl","8":"first","9":"outofstock","10":"taxable","11":"shipping-taxable","12":"purchasable","13":"product-type-simple"},"jetpack_sharing_enabled":true,"_links":{"self":[{"href":"https:\/\/ddt.lv\/ru\/wp-json\/wp\/v2\/product\/6220"}],"collection":[{"href":"https:\/\/ddt.lv\/ru\/wp-json\/wp\/v2\/product"}],"about":[{"href":"https:\/\/ddt.lv\/ru\/wp-json\/wp\/v2\/types\/product"}],"replies":[{"embeddable":true,"href":"https:\/\/ddt.lv\/ru\/wp-json\/wp\/v2\/comments?post=6220"}],"wp:featuredmedia":[{"embeddable":true,"href":"https:\/\/ddt.lv\/ru\/wp-json\/wp\/v2\/media\/11923"}],"wp:attachment":[{"href":"https:\/\/ddt.lv\/ru\/wp-json\/wp\/v2\/media?parent=6220"}],"wp:term":[{"taxonomy":"product_cat","embeddable":true,"href":"https:\/\/ddt.lv\/ru\/wp-json\/wp\/v2\/product_cat?post=6220"},{"taxonomy":"product_tag","embeddable":true,"href":"https:\/\/ddt.lv\/ru\/wp-json\/wp\/v2\/product_tag?post=6220"},{"taxonomy":"yst_prominent_words","embeddable":true,"href":"https:\/\/ddt.lv\/ru\/wp-json\/wp\/v2\/yst_prominent_words?post=6220"}],"curies":[{"name":"wp","href":"https:\/\/api.w.org\/{rel}","templated":true}]}}