{"id":6217,"date":"2019-10-28T08:37:38","date_gmt":"2019-10-28T06:37:38","guid":{"rendered":"https:\/\/ddt.lv\/product\/vafelu-panna-bowl-unold\/"},"modified":"2026-04-08T14:31:26","modified_gmt":"2026-04-08T11:31:26","slug":"vafelu-panna-bowl-unold","status":"publish","type":"product","link":"https:\/\/ddt.lv\/ru\/product\/vafelu-panna-bowl-unold\/","title":{"rendered":"(Latvie\u0161u) Vafe\u013cu panna Bowl UNOLD"},"content":{"rendered":"<p>Krauk\u0161\u0137\u012bgi, svaigi cepti vafe\u013cu grozi\u0146i &#8211; atliek tikai izv\u0113l\u0113ties pild\u012bjumu!<\/p>\n<p>\u0112rta un viegla kop\u0161ana, pateicoties nel\u012bpo\u0161ajam pannas p\u0101rkl\u0101jumam un liek\u0101s m\u012bklas novad\u012btajam.<\/p>\n<p>Bonus\u0101 &#8211; trauki desertam vairs neb\u016bs j\u0101mazg\u0101, jo tie vienk\u0101r\u0161i tiks ap\u0113sti! \ud83d\ude42<\/p>\n","protected":false},"excerpt":{"rendered":"<p>Krauk\u0161\u0137\u012bgi, svaigi cepti vafe\u013cu grozi\u0146i &#8211; atliek tikai izv\u0113l\u0113ties pild\u012bjumu! \u0112rta un viegla kop\u0161ana, pateicoties nel\u012bpo\u0161ajam pannas p\u0101rkl\u0101jumam un liek\u0101s m\u012bklas novad\u012btajam. Bonus\u0101 &#8211; trauki desertam vairs neb\u016bs j\u0101mazg\u0101, jo tie vienk\u0101r\u0161i tiks ap\u0113sti! \ud83d\ude42<\/p>\n","protected":false},"featured_media":12042,"comment_status":"closed","ping_status":"closed","template":"","meta":{"inline_featured_image":false},"product_cat":[532],"product_tag":[],"yst_prominent_words":[],"class_list":{"0":"post-6217","1":"product","2":"type-product","3":"status-publish","4":"has-post-thumbnail","6":"product_cat-vafelu-pankuku-pannas","8":"first","9":"outofstock","10":"taxable","11":"shipping-taxable","12":"purchasable","13":"product-type-simple"},"jetpack_sharing_enabled":true,"_links":{"self":[{"href":"https:\/\/ddt.lv\/ru\/wp-json\/wp\/v2\/product\/6217"}],"collection":[{"href":"https:\/\/ddt.lv\/ru\/wp-json\/wp\/v2\/product"}],"about":[{"href":"https:\/\/ddt.lv\/ru\/wp-json\/wp\/v2\/types\/product"}],"replies":[{"embeddable":true,"href":"https:\/\/ddt.lv\/ru\/wp-json\/wp\/v2\/comments?post=6217"}],"wp:featuredmedia":[{"embeddable":true,"href":"https:\/\/ddt.lv\/ru\/wp-json\/wp\/v2\/media\/12042"}],"wp:attachment":[{"href":"https:\/\/ddt.lv\/ru\/wp-json\/wp\/v2\/media?parent=6217"}],"wp:term":[{"taxonomy":"product_cat","embeddable":true,"href":"https:\/\/ddt.lv\/ru\/wp-json\/wp\/v2\/product_cat?post=6217"},{"taxonomy":"product_tag","embeddable":true,"href":"https:\/\/ddt.lv\/ru\/wp-json\/wp\/v2\/product_tag?post=6217"},{"taxonomy":"yst_prominent_words","embeddable":true,"href":"https:\/\/ddt.lv\/ru\/wp-json\/wp\/v2\/yst_prominent_words?post=6217"}],"curies":[{"name":"wp","href":"https:\/\/api.w.org\/{rel}","templated":true}]}}