{"id":6215,"date":"2019-10-28T08:37:38","date_gmt":"2019-10-28T06:37:38","guid":{"rendered":"https:\/\/ddt.lv\/product\/vafelu-panna-diamant-unold\/"},"modified":"2026-04-09T16:15:31","modified_gmt":"2026-04-09T13:15:31","slug":"vafelu-panna-diamant-unold","status":"publish","type":"product","link":"https:\/\/ddt.lv\/ru\/product\/vafelu-panna-diamant-unold\/","title":{"rendered":"(Latvie\u0161u) Vafe\u013cu panna Diamond UNOLD"},"content":{"rendered":"<p>Vafe\u013cu panna Diamant &#8211; kompakts un \u0113rti lietojams virtuves pal\u012bgs! Sp\u0113j pagatavot pank\u016bkas \u0101tri, gardi un glu\u017ei k\u0101 restor\u0101n\u0101, pateicoties liek\u0101s m\u012bklas novad\u012bt\u0101jam.<\/p>\n<p>Sildplates ir kl\u0101tas ar nel\u012bpo\u0161u virsmu, nodro\u0161inot \u0113rtu kop\u0161anu.<\/p>\n","protected":false},"excerpt":{"rendered":"<p>Vafe\u013cu panna Diamant &#8211; kompakts un \u0113rti lietojams virtuves pal\u012bgs! Sp\u0113j pagatavot pank\u016bkas \u0101tri, gardi un glu\u017ei k\u0101 restor\u0101n\u0101, pateicoties liek\u0101s m\u012bklas novad\u012bt\u0101jam. Sildplates ir kl\u0101tas ar nel\u012bpo\u0161u virsmu, nodro\u0161inot \u0113rtu kop\u0161anu.<\/p>\n","protected":false},"featured_media":12003,"comment_status":"closed","ping_status":"closed","template":"","meta":{"inline_featured_image":false},"product_cat":[532],"product_tag":[],"yst_prominent_words":[],"class_list":{"0":"post-6215","1":"product","2":"type-product","3":"status-publish","4":"has-post-thumbnail","6":"product_cat-vafelu-pankuku-pannas","8":"first","9":"outofstock","10":"taxable","11":"shipping-taxable","12":"purchasable","13":"product-type-simple"},"jetpack_sharing_enabled":true,"_links":{"self":[{"href":"https:\/\/ddt.lv\/ru\/wp-json\/wp\/v2\/product\/6215"}],"collection":[{"href":"https:\/\/ddt.lv\/ru\/wp-json\/wp\/v2\/product"}],"about":[{"href":"https:\/\/ddt.lv\/ru\/wp-json\/wp\/v2\/types\/product"}],"replies":[{"embeddable":true,"href":"https:\/\/ddt.lv\/ru\/wp-json\/wp\/v2\/comments?post=6215"}],"wp:featuredmedia":[{"embeddable":true,"href":"https:\/\/ddt.lv\/ru\/wp-json\/wp\/v2\/media\/12003"}],"wp:attachment":[{"href":"https:\/\/ddt.lv\/ru\/wp-json\/wp\/v2\/media?parent=6215"}],"wp:term":[{"taxonomy":"product_cat","embeddable":true,"href":"https:\/\/ddt.lv\/ru\/wp-json\/wp\/v2\/product_cat?post=6215"},{"taxonomy":"product_tag","embeddable":true,"href":"https:\/\/ddt.lv\/ru\/wp-json\/wp\/v2\/product_tag?post=6215"},{"taxonomy":"yst_prominent_words","embeddable":true,"href":"https:\/\/ddt.lv\/ru\/wp-json\/wp\/v2\/yst_prominent_words?post=6215"}],"curies":[{"name":"wp","href":"https:\/\/api.w.org\/{rel}","templated":true}]}}