{"id":6177,"date":"2019-10-28T08:37:33","date_gmt":"2019-10-28T06:37:33","guid":{"rendered":"https:\/\/ddt.lv\/product\/vakuuma-trauks-1-0l-unold\/"},"modified":"2026-04-08T14:31:18","modified_gmt":"2026-04-08T11:31:18","slug":"vakuuma-trauks-1-0l-unold","status":"publish","type":"product","link":"https:\/\/ddt.lv\/ru\/product\/vakuuma-trauks-1-0l-unold\/","title":{"rendered":"(Latvie\u0161u) Vakuuma trauks 1.0L UNOLD"},"content":{"rendered":"<p>Lielisks trauks, kur uzglab\u0101t svaigus d\u0101rze\u0146us, aug\u013cus vai ga\u013cu!<\/p>\n","protected":false},"excerpt":{"rendered":"<p>Lielisks trauks, kur uzglab\u0101t svaigus d\u0101rze\u0146us, aug\u013cus vai ga\u013cu!<\/p>\n","protected":false},"featured_media":12174,"comment_status":"closed","ping_status":"closed","template":"","meta":{"inline_featured_image":false},"product_cat":[530],"product_tag":[],"yst_prominent_words":[],"class_list":{"0":"post-6177","1":"product","2":"type-product","3":"status-publish","4":"has-post-thumbnail","6":"product_cat-piederumi-un-apkope","8":"first","9":"outofstock","10":"taxable","11":"shipping-taxable","12":"purchasable","13":"product-type-simple"},"jetpack_sharing_enabled":true,"_links":{"self":[{"href":"https:\/\/ddt.lv\/ru\/wp-json\/wp\/v2\/product\/6177"}],"collection":[{"href":"https:\/\/ddt.lv\/ru\/wp-json\/wp\/v2\/product"}],"about":[{"href":"https:\/\/ddt.lv\/ru\/wp-json\/wp\/v2\/types\/product"}],"replies":[{"embeddable":true,"href":"https:\/\/ddt.lv\/ru\/wp-json\/wp\/v2\/comments?post=6177"}],"wp:featuredmedia":[{"embeddable":true,"href":"https:\/\/ddt.lv\/ru\/wp-json\/wp\/v2\/media\/12174"}],"wp:attachment":[{"href":"https:\/\/ddt.lv\/ru\/wp-json\/wp\/v2\/media?parent=6177"}],"wp:term":[{"taxonomy":"product_cat","embeddable":true,"href":"https:\/\/ddt.lv\/ru\/wp-json\/wp\/v2\/product_cat?post=6177"},{"taxonomy":"product_tag","embeddable":true,"href":"https:\/\/ddt.lv\/ru\/wp-json\/wp\/v2\/product_tag?post=6177"},{"taxonomy":"yst_prominent_words","embeddable":true,"href":"https:\/\/ddt.lv\/ru\/wp-json\/wp\/v2\/yst_prominent_words?post=6177"}],"curies":[{"name":"wp","href":"https:\/\/api.w.org\/{rel}","templated":true}]}}