{"id":6176,"date":"2019-10-28T08:37:32","date_gmt":"2019-10-28T06:37:32","guid":{"rendered":"https:\/\/ddt.lv\/product\/indukcijas-plitina-1-viet-profi-unold\/"},"modified":"2021-05-15T13:10:45","modified_gmt":"2021-05-15T10:10:45","slug":"indukcijas-plitina-1-viet-profi-unold","status":"publish","type":"product","link":"https:\/\/ddt.lv\/ru\/product\/indukcijas-plitina-1-viet-profi-unold\/","title":{"rendered":"Indukcijas pl\u012bts 1-viet\u012bga PRO UNOLD"},"content":{"rendered":"<p>Augstas klases indukcijas pl\u012bts ar vienu ri\u0146\u0137i. 1800w Jauda. Apr\u012bkots ar desmit siltuma re\u017e\u012bmiem\u00a0 (200-1800w), un desmit temperat\u016bras l\u012bme\u0146iem (60- 240 gr\u0101di). Augsta dro\u0161\u012bba pret p\u0101rkar\u0161anu, autom\u0101tiska izsl\u0113g\u0161an\u0101s p\u0113c 2 stund\u0101m. Sp\u0113j noteikt piem\u0113rotus traukus un apr\u012bkots ar\u012b ar b\u0113rnu dro\u0161\u012bbu. Ieb\u016bv\u0113ts taimeris.<\/p>\n<p>Lieliski piem\u0113rots produkts terasei, studentu dz\u012bvokl\u012btim vai maz\u0101m virtuv\u0113m. Savienojams ar indukcijas pl\u012bti Professsion divri\u0146\u0137u.<\/p>\n<p>&nbsp;<\/p>\n","protected":false},"excerpt":{"rendered":"<p>Augstas klases indukcijas pl\u012bts ar vienu ri\u0146\u0137i. 1800w Jauda. Apr\u012bkots ar desmit siltuma re\u017e\u012bmiem\u00a0 (200-1800w), un desmit temperat\u016bras l\u012bme\u0146iem (60- 240 gr\u0101di). Augsta dro\u0161\u012bba pret p\u0101rkar\u0161anu, autom\u0101tiska izsl\u0113g\u0161an\u0101s p\u0113c 2 stund\u0101m. Sp\u0113j noteikt piem\u0113rotus traukus un apr\u012bkots ar\u012b ar b\u0113rnu dro\u0161\u012bbu. Ieb\u016bv\u0113ts taimeris. Lieliski piem\u0113rots produkts terasei, studentu dz\u012bvokl\u012btim vai maz\u0101m virtuv\u0113m. Savienojams ar indukcijas [&hellip;]<\/p>\n","protected":false},"featured_media":12216,"comment_status":"closed","ping_status":"closed","template":"","meta":{"inline_featured_image":false},"product_cat":[521,522,528],"product_tag":[],"yst_prominent_words":[],"class_list":{"0":"post-6176","1":"product","2":"type-product","3":"status-publish","4":"has-post-thumbnail","6":"product_cat-sadzives-tehnika","7":"product_cat-virtuves-tehnika","8":"product_cat-indukcijas-virsmas","10":"first","11":"outofstock","12":"taxable","13":"shipping-taxable","14":"purchasable","15":"product-type-simple"},"jetpack_sharing_enabled":true,"_links":{"self":[{"href":"https:\/\/ddt.lv\/ru\/wp-json\/wp\/v2\/product\/6176"}],"collection":[{"href":"https:\/\/ddt.lv\/ru\/wp-json\/wp\/v2\/product"}],"about":[{"href":"https:\/\/ddt.lv\/ru\/wp-json\/wp\/v2\/types\/product"}],"replies":[{"embeddable":true,"href":"https:\/\/ddt.lv\/ru\/wp-json\/wp\/v2\/comments?post=6176"}],"wp:featuredmedia":[{"embeddable":true,"href":"https:\/\/ddt.lv\/ru\/wp-json\/wp\/v2\/media\/12216"}],"wp:attachment":[{"href":"https:\/\/ddt.lv\/ru\/wp-json\/wp\/v2\/media?parent=6176"}],"wp:term":[{"taxonomy":"product_cat","embeddable":true,"href":"https:\/\/ddt.lv\/ru\/wp-json\/wp\/v2\/product_cat?post=6176"},{"taxonomy":"product_tag","embeddable":true,"href":"https:\/\/ddt.lv\/ru\/wp-json\/wp\/v2\/product_tag?post=6176"},{"taxonomy":"yst_prominent_words","embeddable":true,"href":"https:\/\/ddt.lv\/ru\/wp-json\/wp\/v2\/yst_prominent_words?post=6176"}],"curies":[{"name":"wp","href":"https:\/\/api.w.org\/{rel}","templated":true}]}}