{"id":6165,"date":"2019-10-28T08:37:31","date_gmt":"2019-10-28T06:37:31","guid":{"rendered":"https:\/\/ddt.lv\/product\/azijas-grils-sudrabkrasa-unold\/"},"modified":"2026-04-01T00:11:19","modified_gmt":"2026-03-31T21:11:19","slug":"azijas-grils-sudrabkrasa-unold","status":"publish","type":"product","link":"https:\/\/ddt.lv\/ru\/product\/azijas-grils-sudrabkrasa-unold\/","title":{"rendered":"(Latvie\u0161u) \u0100zijas grils UNOLD"},"content":{"rendered":"<p>Vesel\u012bga, zemu tauku satura grill\u0113\u0161ana J\u016bsu m\u0101j\u0101s! Pateicoties ieliektajai pannai, visi liekie tauki ietek speci\u0101l\u0101 tauku sav\u0101k\u0161anas tvertn\u0113.<\/p>\n<p>Pannas diametrs 30cm, nel\u012bpo\u0161s, \u0113rti kopjams p\u0101rkl\u0101jums, septi\u0146i temperat\u016bras re\u017e\u012bmi (80 &#8211; 330 gr\u0101diem).<\/p>\n","protected":false},"excerpt":{"rendered":"<p>Vesel\u012bga, zemu tauku satura grill\u0113\u0161ana J\u016bsu m\u0101j\u0101s! Pateicoties ieliektajai pannai, visi liekie tauki ietek speci\u0101l\u0101 tauku sav\u0101k\u0161anas tvertn\u0113. Pannas diametrs 30cm, nel\u012bpo\u0161s, \u0113rti kopjams p\u0101rkl\u0101jums, septi\u0146i temperat\u016bras re\u017e\u012bmi (80 &#8211; 330 gr\u0101diem).<\/p>\n","protected":false},"featured_media":12264,"comment_status":"closed","ping_status":"closed","template":"","meta":{"inline_featured_image":false},"product_cat":[1584,772],"product_tag":[],"yst_prominent_words":[],"class_list":{"0":"post-6165","1":"product","2":"type-product","3":"status-publish","4":"has-post-thumbnail","6":"product_cat-grilli-gazes-plitinas-degli","7":"product_cat-atlaides","9":"first","10":"instock","11":"sale","12":"taxable","13":"shipping-taxable","14":"purchasable","15":"product-type-simple"},"jetpack_sharing_enabled":true,"_links":{"self":[{"href":"https:\/\/ddt.lv\/ru\/wp-json\/wp\/v2\/product\/6165"}],"collection":[{"href":"https:\/\/ddt.lv\/ru\/wp-json\/wp\/v2\/product"}],"about":[{"href":"https:\/\/ddt.lv\/ru\/wp-json\/wp\/v2\/types\/product"}],"replies":[{"embeddable":true,"href":"https:\/\/ddt.lv\/ru\/wp-json\/wp\/v2\/comments?post=6165"}],"wp:featuredmedia":[{"embeddable":true,"href":"https:\/\/ddt.lv\/ru\/wp-json\/wp\/v2\/media\/12264"}],"wp:attachment":[{"href":"https:\/\/ddt.lv\/ru\/wp-json\/wp\/v2\/media?parent=6165"}],"wp:term":[{"taxonomy":"product_cat","embeddable":true,"href":"https:\/\/ddt.lv\/ru\/wp-json\/wp\/v2\/product_cat?post=6165"},{"taxonomy":"product_tag","embeddable":true,"href":"https:\/\/ddt.lv\/ru\/wp-json\/wp\/v2\/product_tag?post=6165"},{"taxonomy":"yst_prominent_words","embeddable":true,"href":"https:\/\/ddt.lv\/ru\/wp-json\/wp\/v2\/yst_prominent_words?post=6165"}],"curies":[{"name":"wp","href":"https:\/\/api.w.org\/{rel}","templated":true}]}}