{"id":6141,"date":"2019-10-28T08:37:29","date_gmt":"2019-10-28T06:37:29","guid":{"rendered":"https:\/\/ddt.lv\/product\/kruzes-blenderis-smoothie-to-go-0-8l-250w-220-240v-unold\/"},"modified":"2026-04-08T14:31:11","modified_gmt":"2026-04-08T11:31:11","slug":"kruzes-blenderis-smoothie-to-go-0-8l-250w-220-240v-unold","status":"publish","type":"product","link":"https:\/\/ddt.lv\/ru\/product\/kruzes-blenderis-smoothie-to-go-0-8l-250w-220-240v-unold\/","title":{"rendered":"\u0427\u0430\u0448\u0435\u0447\u043d\u044b\u0439 \u0431\u043b\u0435\u043d\u0434\u0435\u0440 Smoothie to Go 0,8 \u043b 250 \u0412\u0442 220-240 \u0412 Unold"},"content":{"rendered":"<p>Smoothie to Go blenderis ir apr\u012bkots ar 4 asmenu ner\u016bs\u0113jo\u0161\u0101 t\u0113rauda nazi, kur\u0161 lieliski paveic savu darbu. Komplekt\u0101 ar div\u0101m plastmasas pudel\u0113m, kur\u0101s \u0113rti pa\u0146emt l\u012bdz pagatavoto vitam\u012bnu devu!<\/p>\n","protected":false},"excerpt":{"rendered":"<p>Smoothie to Go blenderis ir apr\u012bkots ar 4 asmenu ner\u016bs\u0113jo\u0161\u0101 t\u0113rauda nazi, kur\u0161 lieliski paveic savu darbu. Komplekt\u0101 ar div\u0101m plastmasas pudel\u0113m, kur\u0101s \u0113rti pa\u0146emt l\u012bdz pagatavoto vitam\u012bnu devu!<\/p>\n","protected":false},"featured_media":12271,"comment_status":"closed","ping_status":"closed","template":"","meta":{"inline_featured_image":false},"product_cat":[535],"product_tag":[],"yst_prominent_words":[],"class_list":{"0":"post-6141","1":"product","2":"type-product","3":"status-publish","4":"has-post-thumbnail","6":"product_cat-blenderimikserisulasspiedes","8":"first","9":"outofstock","10":"taxable","11":"shipping-taxable","12":"purchasable","13":"product-type-simple"},"jetpack_sharing_enabled":true,"_links":{"self":[{"href":"https:\/\/ddt.lv\/ru\/wp-json\/wp\/v2\/product\/6141"}],"collection":[{"href":"https:\/\/ddt.lv\/ru\/wp-json\/wp\/v2\/product"}],"about":[{"href":"https:\/\/ddt.lv\/ru\/wp-json\/wp\/v2\/types\/product"}],"replies":[{"embeddable":true,"href":"https:\/\/ddt.lv\/ru\/wp-json\/wp\/v2\/comments?post=6141"}],"wp:featuredmedia":[{"embeddable":true,"href":"https:\/\/ddt.lv\/ru\/wp-json\/wp\/v2\/media\/12271"}],"wp:attachment":[{"href":"https:\/\/ddt.lv\/ru\/wp-json\/wp\/v2\/media?parent=6141"}],"wp:term":[{"taxonomy":"product_cat","embeddable":true,"href":"https:\/\/ddt.lv\/ru\/wp-json\/wp\/v2\/product_cat?post=6141"},{"taxonomy":"product_tag","embeddable":true,"href":"https:\/\/ddt.lv\/ru\/wp-json\/wp\/v2\/product_tag?post=6141"},{"taxonomy":"yst_prominent_words","embeddable":true,"href":"https:\/\/ddt.lv\/ru\/wp-json\/wp\/v2\/yst_prominent_words?post=6141"}],"curies":[{"name":"wp","href":"https:\/\/api.w.org\/{rel}","templated":true}]}}