{"id":6140,"date":"2019-10-28T08:37:28","date_gmt":"2019-10-28T06:37:28","guid":{"rendered":"https:\/\/ddt.lv\/product\/elektriskais-krasns-unold\/"},"modified":"2026-04-08T14:31:11","modified_gmt":"2026-04-08T11:31:11","slug":"elektriskais-krasns-unold","status":"publish","type":"product","link":"https:\/\/ddt.lv\/ru\/product\/elektriskais-krasns-unold\/","title":{"rendered":"(Latvie\u0161u) Elektrisk\u0101 cepe\u0161kr\u0101sns UNOLD"},"content":{"rendered":"<p>Lieliska alternat\u012bva klasiskaj\u0101m ieb\u016bv\u0113jam\u0101m cepe\u0161kr\u0101sn\u012bm! Pateicoties augstas kvalit\u0101tes ner\u016bs\u0113jo\u0161\u0101 t\u0113rauda iek\u0161pusei un \u0101rpusei, kr\u0101sns ir ar \u013coti augstu energoefektivit\u0101ti. Siltin\u0101ta no \u0101rpuses, ar dubult\u0101 stikla durv\u012bm.<\/p>\n<p>Aug\u0161\u0113jais un apak\u0161\u0113jais karstums regul\u0113jams atsevi\u0161ki un ar\u012b kop\u0101.<\/p>\n","protected":false},"excerpt":{"rendered":"<p>Lieliska alternat\u012bva klasiskaj\u0101m ieb\u016bv\u0113jam\u0101m cepe\u0161kr\u0101sn\u012bm! Pateicoties augstas kvalit\u0101tes ner\u016bs\u0113jo\u0161\u0101 t\u0113rauda iek\u0161pusei un \u0101rpusei, kr\u0101sns ir ar \u013coti augstu energoefektivit\u0101ti. Siltin\u0101ta no \u0101rpuses, ar dubult\u0101 stikla durv\u012bm. Aug\u0161\u0113jais un apak\u0161\u0113jais karstums regul\u0113jams atsevi\u0161ki un ar\u012b kop\u0101.<\/p>\n","protected":false},"featured_media":12367,"comment_status":"closed","ping_status":"closed","template":"","meta":{"inline_featured_image":false},"product_cat":[536],"product_tag":[],"yst_prominent_words":[],"class_list":{"0":"post-6140","1":"product","2":"type-product","3":"status-publish","4":"has-post-thumbnail","6":"product_cat-elektriskas-krasnis","8":"first","9":"outofstock","10":"taxable","11":"shipping-taxable","12":"purchasable","13":"product-type-simple"},"jetpack_sharing_enabled":true,"_links":{"self":[{"href":"https:\/\/ddt.lv\/ru\/wp-json\/wp\/v2\/product\/6140"}],"collection":[{"href":"https:\/\/ddt.lv\/ru\/wp-json\/wp\/v2\/product"}],"about":[{"href":"https:\/\/ddt.lv\/ru\/wp-json\/wp\/v2\/types\/product"}],"replies":[{"embeddable":true,"href":"https:\/\/ddt.lv\/ru\/wp-json\/wp\/v2\/comments?post=6140"}],"wp:featuredmedia":[{"embeddable":true,"href":"https:\/\/ddt.lv\/ru\/wp-json\/wp\/v2\/media\/12367"}],"wp:attachment":[{"href":"https:\/\/ddt.lv\/ru\/wp-json\/wp\/v2\/media?parent=6140"}],"wp:term":[{"taxonomy":"product_cat","embeddable":true,"href":"https:\/\/ddt.lv\/ru\/wp-json\/wp\/v2\/product_cat?post=6140"},{"taxonomy":"product_tag","embeddable":true,"href":"https:\/\/ddt.lv\/ru\/wp-json\/wp\/v2\/product_tag?post=6140"},{"taxonomy":"yst_prominent_words","embeddable":true,"href":"https:\/\/ddt.lv\/ru\/wp-json\/wp\/v2\/yst_prominent_words?post=6140"}],"curies":[{"name":"wp","href":"https:\/\/api.w.org\/{rel}","templated":true}]}}