{"id":6138,"date":"2019-10-28T08:37:28","date_gmt":"2019-10-28T06:37:28","guid":{"rendered":"https:\/\/ddt.lv\/product\/barbecue-grils-noble-unold\/"},"modified":"2026-04-01T00:11:12","modified_gmt":"2026-03-31T21:11:12","slug":"barbecue-grils-noble-unold","status":"publish","type":"product","link":"https:\/\/ddt.lv\/ru\/product\/barbecue-grils-noble-unold\/","title":{"rendered":"\u0413\u0440\u0438\u043b\u044c-\u0431\u0430\u0440\u0431\u0435\u043a\u044e Noble UNOLD"},"content":{"rendered":"<p>Barbekj\u016b grills Edel ir univers\u0101ls, \u0113rti p\u0101rvietojams grills. Lieto\u0161anai virtuv\u0113, uz balkona, uz terases, ikdien\u0101, savies\u012bg\u0101 pas\u0101kum\u0101 vai b\u0113rnu ball\u012bt\u0113!<\/p>\n<p>No\u0146emamais stikla v\u0101ks aizsarg\u0101 pret taukiem. Whitfort augstas klases keramiskais p\u0101rkl\u0101jums nodro\u0161ina produktu nepiedeg\u0161anu un \u0113rtu kop\u0161anu. Temperat\u016bras kontrole \u013cauj gan maigi saut\u0113t zivi, gan sul\u012bgi cepin\u0101t steiku. ( 5 temperat\u016bras l\u012bme\u0146i, l\u012bdz 210 C )<\/p>\n","protected":false},"excerpt":{"rendered":"<p>Barbekj\u016b grills Edel ir univers\u0101ls, \u0113rti p\u0101rvietojams grills. Lieto\u0161anai virtuv\u0113, uz balkona, uz terases, ikdien\u0101, savies\u012bg\u0101 pas\u0101kum\u0101 vai b\u0113rnu ball\u012bt\u0113! No\u0146emamais stikla v\u0101ks aizsarg\u0101 pret taukiem. Whitfort augstas klases keramiskais p\u0101rkl\u0101jums nodro\u0161ina produktu nepiedeg\u0161anu un \u0113rtu kop\u0161anu. Temperat\u016bras kontrole \u013cauj gan maigi saut\u0113t zivi, gan sul\u012bgi cepin\u0101t steiku. ( 5 temperat\u016bras l\u012bme\u0146i, l\u012bdz 210 C [&hellip;]<\/p>\n","protected":false},"featured_media":12343,"comment_status":"closed","ping_status":"closed","template":"","meta":{"inline_featured_image":false},"product_cat":[1584,772],"product_tag":[],"yst_prominent_words":[],"class_list":{"0":"post-6138","1":"product","2":"type-product","3":"status-publish","4":"has-post-thumbnail","6":"product_cat-grilli-gazes-plitinas-degli","7":"product_cat-atlaides","9":"first","10":"instock","11":"sale","12":"taxable","13":"shipping-taxable","14":"purchasable","15":"product-type-simple"},"jetpack_sharing_enabled":true,"_links":{"self":[{"href":"https:\/\/ddt.lv\/ru\/wp-json\/wp\/v2\/product\/6138"}],"collection":[{"href":"https:\/\/ddt.lv\/ru\/wp-json\/wp\/v2\/product"}],"about":[{"href":"https:\/\/ddt.lv\/ru\/wp-json\/wp\/v2\/types\/product"}],"replies":[{"embeddable":true,"href":"https:\/\/ddt.lv\/ru\/wp-json\/wp\/v2\/comments?post=6138"}],"wp:featuredmedia":[{"embeddable":true,"href":"https:\/\/ddt.lv\/ru\/wp-json\/wp\/v2\/media\/12343"}],"wp:attachment":[{"href":"https:\/\/ddt.lv\/ru\/wp-json\/wp\/v2\/media?parent=6138"}],"wp:term":[{"taxonomy":"product_cat","embeddable":true,"href":"https:\/\/ddt.lv\/ru\/wp-json\/wp\/v2\/product_cat?post=6138"},{"taxonomy":"product_tag","embeddable":true,"href":"https:\/\/ddt.lv\/ru\/wp-json\/wp\/v2\/product_tag?post=6138"},{"taxonomy":"yst_prominent_words","embeddable":true,"href":"https:\/\/ddt.lv\/ru\/wp-json\/wp\/v2\/yst_prominent_words?post=6138"}],"curies":[{"name":"wp","href":"https:\/\/api.w.org\/{rel}","templated":true}]}}