{"id":6018,"date":"2019-10-28T08:37:14","date_gmt":"2019-10-28T06:37:14","guid":{"rendered":"https:\/\/ddt.lv\/product\/bezvadu-durvju-zvans-ar-apg-balts-ip44-32-melod-230v-emos\/"},"modified":"2026-04-13T09:50:50","modified_gmt":"2026-04-13T06:50:50","slug":"bezvadu-durvju-zvans-ar-apg-balts-ip44-32-melod-230v-emos","status":"publish","type":"product","link":"https:\/\/ddt.lv\/ru\/product\/bezvadu-durvju-zvans-ar-apg-balts-ip44-32-melod-230v-emos\/","title":{"rendered":"(Latvie\u0161u) Bezvadu durvju zvans ar apgaismojumu, balts, IP44, 32 melodijas 230V EMOS"},"content":{"rendered":"<p>Uzticams durvju zvans ar ieb\u016bv\u0113tu nakts gaismu, piem\u0113rots m\u0101j\u0101m, dz\u012bvok\u013ciem vai birojiem.<\/p>\n","protected":false},"excerpt":{"rendered":"<p>Uzticams durvju zvans ar ieb\u016bv\u0113tu nakts gaismu, piem\u0113rots m\u0101j\u0101m, dz\u012bvok\u013ciem vai birojiem.<\/p>\n","protected":false},"featured_media":16287,"comment_status":"closed","ping_status":"closed","template":"","meta":{"inline_featured_image":false},"product_cat":[772,543],"product_tag":[],"yst_prominent_words":[],"class_list":{"0":"post-6018","1":"product","2":"type-product","3":"status-publish","4":"has-post-thumbnail","6":"product_cat-atlaides","7":"product_cat-durvju-zvani","9":"first","10":"outofstock","11":"sale","12":"taxable","13":"shipping-taxable","14":"purchasable","15":"product-type-simple"},"jetpack_sharing_enabled":true,"_links":{"self":[{"href":"https:\/\/ddt.lv\/ru\/wp-json\/wp\/v2\/product\/6018"}],"collection":[{"href":"https:\/\/ddt.lv\/ru\/wp-json\/wp\/v2\/product"}],"about":[{"href":"https:\/\/ddt.lv\/ru\/wp-json\/wp\/v2\/types\/product"}],"replies":[{"embeddable":true,"href":"https:\/\/ddt.lv\/ru\/wp-json\/wp\/v2\/comments?post=6018"}],"wp:featuredmedia":[{"embeddable":true,"href":"https:\/\/ddt.lv\/ru\/wp-json\/wp\/v2\/media\/16287"}],"wp:attachment":[{"href":"https:\/\/ddt.lv\/ru\/wp-json\/wp\/v2\/media?parent=6018"}],"wp:term":[{"taxonomy":"product_cat","embeddable":true,"href":"https:\/\/ddt.lv\/ru\/wp-json\/wp\/v2\/product_cat?post=6018"},{"taxonomy":"product_tag","embeddable":true,"href":"https:\/\/ddt.lv\/ru\/wp-json\/wp\/v2\/product_tag?post=6018"},{"taxonomy":"yst_prominent_words","embeddable":true,"href":"https:\/\/ddt.lv\/ru\/wp-json\/wp\/v2\/yst_prominent_words?post=6018"}],"curies":[{"name":"wp","href":"https:\/\/api.w.org\/{rel}","templated":true}]}}