{"id":6016,"date":"2019-10-28T08:37:13","date_gmt":"2019-10-28T06:37:13","guid":{"rendered":"https:\/\/ddt.lv\/product\/sviestmaizu-tosters-american-unold\/"},"modified":"2021-05-15T13:11:34","modified_gmt":"2021-05-15T10:11:34","slug":"sviestmaizu-tosters-american-unold","status":"publish","type":"product","link":"https:\/\/ddt.lv\/ru\/product\/sviestmaizu-tosters-american-unold\/","title":{"rendered":"Sviestmai\u017eu tosteris AMERICAN UNOLD"},"content":{"rendered":"<p>Lielisks trijst\u016bra karstmai\u017eu pagatavot\u0101js.<\/p>\n<p>Nel\u012bpo\u0161s p\u0101rkl\u0101jums nodro\u0161ina zeltaini br\u016bnu grauzd\u0113jumu un \u0113rtu t\u012br\u012b\u0161anu!<\/p>\n<p>Kompakts &#8211; ieb\u016bv\u0113ta vieta vadam korpus\u0101, nodro\u0161inot \u0113rtu, vietu taupo\u0161u uzglab\u0101\u0161anu.<\/p>\n","protected":false},"excerpt":{"rendered":"<p>Lielisks trijst\u016bra karstmai\u017eu pagatavot\u0101js. Nel\u012bpo\u0161s p\u0101rkl\u0101jums nodro\u0161ina zeltaini br\u016bnu grauzd\u0113jumu un \u0113rtu t\u012br\u012b\u0161anu! Kompakts &#8211; ieb\u016bv\u0113ta vieta vadam korpus\u0101, nodro\u0161inot \u0113rtu, vietu taupo\u0161u uzglab\u0101\u0161anu.<\/p>\n","protected":false},"featured_media":12381,"comment_status":"closed","ping_status":"closed","template":"","meta":{"inline_featured_image":false},"product_cat":[521,522,531],"product_tag":[],"yst_prominent_words":[],"class_list":{"0":"post-6016","1":"product","2":"type-product","3":"status-publish","4":"has-post-thumbnail","6":"product_cat-sadzives-tehnika","7":"product_cat-virtuves-tehnika","8":"product_cat-tosteri","10":"first","11":"outofstock","12":"taxable","13":"shipping-taxable","14":"purchasable","15":"product-type-simple"},"jetpack_sharing_enabled":true,"_links":{"self":[{"href":"https:\/\/ddt.lv\/ru\/wp-json\/wp\/v2\/product\/6016"}],"collection":[{"href":"https:\/\/ddt.lv\/ru\/wp-json\/wp\/v2\/product"}],"about":[{"href":"https:\/\/ddt.lv\/ru\/wp-json\/wp\/v2\/types\/product"}],"replies":[{"embeddable":true,"href":"https:\/\/ddt.lv\/ru\/wp-json\/wp\/v2\/comments?post=6016"}],"wp:featuredmedia":[{"embeddable":true,"href":"https:\/\/ddt.lv\/ru\/wp-json\/wp\/v2\/media\/12381"}],"wp:attachment":[{"href":"https:\/\/ddt.lv\/ru\/wp-json\/wp\/v2\/media?parent=6016"}],"wp:term":[{"taxonomy":"product_cat","embeddable":true,"href":"https:\/\/ddt.lv\/ru\/wp-json\/wp\/v2\/product_cat?post=6016"},{"taxonomy":"product_tag","embeddable":true,"href":"https:\/\/ddt.lv\/ru\/wp-json\/wp\/v2\/product_tag?post=6016"},{"taxonomy":"yst_prominent_words","embeddable":true,"href":"https:\/\/ddt.lv\/ru\/wp-json\/wp\/v2\/yst_prominent_words?post=6016"}],"curies":[{"name":"wp","href":"https:\/\/api.w.org\/{rel}","templated":true}]}}