{"id":6014,"date":"2019-10-28T08:37:13","date_gmt":"2019-10-28T06:37:13","guid":{"rendered":"https:\/\/ddt.lv\/product\/accu-baterija-ni-mh-aaa-1100mah-camelion-bl4\/"},"modified":"2026-04-13T11:35:32","modified_gmt":"2026-04-13T08:35:32","slug":"accu-baterija-ni-mh-aaa-1100mah-camelion-bl4","status":"publish","type":"product","link":"https:\/\/ddt.lv\/ru\/product\/accu-baterija-ni-mh-aaa-1100mah-camelion-bl4\/","title":{"rendered":"\u0410\u043a\u043a\u0443\u043c\u0443\u043b\u044f\u0442\u043e\u0440\u044b \u0442\u0438\u043f\u0430 \u0410\u0410\u0410 Camelion NI-MH 1100mAh 4gb."},"content":{"rendered":"<p>Jaud\u012bgas atk\u0101rtoti uzl\u0101d\u0113jamas baterijas no ra\u017eot\u0101ja Camelion! Lieliski piem\u0113rotas lieto\u0161anai m\u0101jas ier\u012bc\u0113s!<\/p>\n","protected":false},"excerpt":{"rendered":"<p>Jaud\u012bgas atk\u0101rtoti uzl\u0101d\u0113jamas baterijas no ra\u017eot\u0101ja Camelion! Lieliski piem\u0113rotas lieto\u0161anai m\u0101jas ier\u012bc\u0113s!<\/p>\n","protected":false},"featured_media":14770,"comment_status":"closed","ping_status":"closed","template":"","meta":{"inline_featured_image":false},"product_cat":[442],"product_tag":[],"yst_prominent_words":[],"class_list":{"0":"post-6014","1":"product","2":"type-product","3":"status-publish","4":"has-post-thumbnail","6":"product_cat-aaa","8":"first","9":"instock","10":"taxable","11":"shipping-taxable","12":"purchasable","13":"product-type-simple"},"jetpack_sharing_enabled":true,"_links":{"self":[{"href":"https:\/\/ddt.lv\/ru\/wp-json\/wp\/v2\/product\/6014"}],"collection":[{"href":"https:\/\/ddt.lv\/ru\/wp-json\/wp\/v2\/product"}],"about":[{"href":"https:\/\/ddt.lv\/ru\/wp-json\/wp\/v2\/types\/product"}],"replies":[{"embeddable":true,"href":"https:\/\/ddt.lv\/ru\/wp-json\/wp\/v2\/comments?post=6014"}],"wp:featuredmedia":[{"embeddable":true,"href":"https:\/\/ddt.lv\/ru\/wp-json\/wp\/v2\/media\/14770"}],"wp:attachment":[{"href":"https:\/\/ddt.lv\/ru\/wp-json\/wp\/v2\/media?parent=6014"}],"wp:term":[{"taxonomy":"product_cat","embeddable":true,"href":"https:\/\/ddt.lv\/ru\/wp-json\/wp\/v2\/product_cat?post=6014"},{"taxonomy":"product_tag","embeddable":true,"href":"https:\/\/ddt.lv\/ru\/wp-json\/wp\/v2\/product_tag?post=6014"},{"taxonomy":"yst_prominent_words","embeddable":true,"href":"https:\/\/ddt.lv\/ru\/wp-json\/wp\/v2\/yst_prominent_words?post=6014"}],"curies":[{"name":"wp","href":"https:\/\/api.w.org\/{rel}","templated":true}]}}