{"id":6012,"date":"2019-10-28T08:37:13","date_gmt":"2019-10-28T06:37:13","guid":{"rendered":"https:\/\/ddt.lv\/product\/kruzes-blenderis-power-smoothie-maker-unold\/"},"modified":"2026-04-08T14:30:55","modified_gmt":"2026-04-08T11:30:55","slug":"kruzes-blenderis-power-smoothie-maker-unold","status":"publish","type":"product","link":"https:\/\/ddt.lv\/ru\/product\/kruzes-blenderis-power-smoothie-maker-unold\/","title":{"rendered":"(Latvie\u0161u) Kr\u016bzes blenderis Power Smoothie Maker UNOLD"},"content":{"rendered":"<p>Aug\u013cu, d\u0101rze\u0146u vai za\u013cie koktei\u013ci, aukst\u0101s sal\u0101tu m\u0113rces vai gaspa\u010do &#8211; nek\u0101du probl\u0113mu! Ar Power Smoothie Maker viss ir pagatavojams, pateicoties t\u0101 lielajai veiktsp\u0113jai un tilpumam. 2L stikla kr\u016bze, jauda l\u012bdz 2000w, 32,000 apgriezieni min\u016bt\u0113&#8230; Tas viss un v\u0113l vair\u0101k ietilpst Power Smoothie Maker kr\u016bzes blender\u012b!<\/p>\n","protected":false},"excerpt":{"rendered":"<p>Aug\u013cu, d\u0101rze\u0146u vai za\u013cie koktei\u013ci, aukst\u0101s sal\u0101tu m\u0113rces vai gaspa\u010do &#8211; nek\u0101du probl\u0113mu! Ar Power Smoothie Maker viss ir pagatavojams, pateicoties t\u0101 lielajai veiktsp\u0113jai un tilpumam. 2L stikla kr\u016bze, jauda l\u012bdz 2000w, 32,000 apgriezieni min\u016bt\u0113&#8230; Tas viss un v\u0113l vair\u0101k ietilpst Power Smoothie Maker kr\u016bzes blender\u012b!<\/p>\n","protected":false},"featured_media":12391,"comment_status":"closed","ping_status":"closed","template":"","meta":{"inline_featured_image":false},"product_cat":[772,535],"product_tag":[],"yst_prominent_words":[],"class_list":{"0":"post-6012","1":"product","2":"type-product","3":"status-publish","4":"has-post-thumbnail","6":"product_cat-atlaides","7":"product_cat-blenderimikserisulasspiedes","9":"first","10":"outofstock","11":"sale","12":"taxable","13":"shipping-taxable","14":"purchasable","15":"product-type-simple"},"jetpack_sharing_enabled":true,"_links":{"self":[{"href":"https:\/\/ddt.lv\/ru\/wp-json\/wp\/v2\/product\/6012"}],"collection":[{"href":"https:\/\/ddt.lv\/ru\/wp-json\/wp\/v2\/product"}],"about":[{"href":"https:\/\/ddt.lv\/ru\/wp-json\/wp\/v2\/types\/product"}],"replies":[{"embeddable":true,"href":"https:\/\/ddt.lv\/ru\/wp-json\/wp\/v2\/comments?post=6012"}],"wp:featuredmedia":[{"embeddable":true,"href":"https:\/\/ddt.lv\/ru\/wp-json\/wp\/v2\/media\/12391"}],"wp:attachment":[{"href":"https:\/\/ddt.lv\/ru\/wp-json\/wp\/v2\/media?parent=6012"}],"wp:term":[{"taxonomy":"product_cat","embeddable":true,"href":"https:\/\/ddt.lv\/ru\/wp-json\/wp\/v2\/product_cat?post=6012"},{"taxonomy":"product_tag","embeddable":true,"href":"https:\/\/ddt.lv\/ru\/wp-json\/wp\/v2\/product_tag?post=6012"},{"taxonomy":"yst_prominent_words","embeddable":true,"href":"https:\/\/ddt.lv\/ru\/wp-json\/wp\/v2\/yst_prominent_words?post=6012"}],"curies":[{"name":"wp","href":"https:\/\/api.w.org\/{rel}","templated":true}]}}