{"id":5954,"date":"2019-10-28T08:37:06","date_gmt":"2019-10-28T06:37:06","guid":{"rendered":"https:\/\/ddt.lv\/product\/meteostacija-portativa-zala-2xv10ga-emos\/"},"modified":"2026-04-01T00:10:47","modified_gmt":"2026-03-31T21:10:47","slug":"meteostacija-portativa-zala-2xv10ga-emos","status":"publish","type":"product","link":"https:\/\/ddt.lv\/ru\/product\/meteostacija-portativa-zala-2xv10ga-emos\/","title":{"rendered":"(Latvie\u0161u) Meteostacija digit\u0101la, za\u013ca (2xV10GA) EMOS"},"content":{"rendered":"<p>Pateicoties \u0161ai meteostacijai, J\u016bs vienm\u0113r dro\u0161i zin\u0101siet, k\u0101diem laikapst\u0101k\u013ciem j\u0101b\u016bt gatavam\/ai. Nek\u0101du \u0161aubu, aktu\u0101l\u0101 inform\u0101cija vienm\u0113r ir pieejama.<\/p>\n","protected":false},"excerpt":{"rendered":"<p>Pateicoties \u0161ai meteostacijai, J\u016bs vienm\u0113r dro\u0161i zin\u0101siet, k\u0101diem laikapst\u0101k\u013ciem j\u0101b\u016bt gatavam\/ai. Nek\u0101du \u0161aubu, aktu\u0101l\u0101 inform\u0101cija vienm\u0113r ir pieejama.<\/p>\n","protected":false},"featured_media":16188,"comment_status":"closed","ping_status":"closed","template":"","meta":{"inline_featured_image":false},"product_cat":[541],"product_tag":[],"yst_prominent_words":[],"class_list":{"0":"post-5954","1":"product","2":"type-product","3":"status-publish","4":"has-post-thumbnail","6":"product_cat-termometri-meteostacijas","8":"first","9":"outofstock","10":"taxable","11":"shipping-taxable","12":"purchasable","13":"product-type-simple"},"jetpack_sharing_enabled":true,"_links":{"self":[{"href":"https:\/\/ddt.lv\/ru\/wp-json\/wp\/v2\/product\/5954"}],"collection":[{"href":"https:\/\/ddt.lv\/ru\/wp-json\/wp\/v2\/product"}],"about":[{"href":"https:\/\/ddt.lv\/ru\/wp-json\/wp\/v2\/types\/product"}],"replies":[{"embeddable":true,"href":"https:\/\/ddt.lv\/ru\/wp-json\/wp\/v2\/comments?post=5954"}],"wp:featuredmedia":[{"embeddable":true,"href":"https:\/\/ddt.lv\/ru\/wp-json\/wp\/v2\/media\/16188"}],"wp:attachment":[{"href":"https:\/\/ddt.lv\/ru\/wp-json\/wp\/v2\/media?parent=5954"}],"wp:term":[{"taxonomy":"product_cat","embeddable":true,"href":"https:\/\/ddt.lv\/ru\/wp-json\/wp\/v2\/product_cat?post=5954"},{"taxonomy":"product_tag","embeddable":true,"href":"https:\/\/ddt.lv\/ru\/wp-json\/wp\/v2\/product_tag?post=5954"},{"taxonomy":"yst_prominent_words","embeddable":true,"href":"https:\/\/ddt.lv\/ru\/wp-json\/wp\/v2\/yst_prominent_words?post=5954"}],"curies":[{"name":"wp","href":"https:\/\/api.w.org\/{rel}","templated":true}]}}