{"id":5940,"date":"2019-10-28T08:37:03","date_gmt":"2019-10-28T06:37:03","guid":{"rendered":"https:\/\/ddt.lv\/product\/camelion-ag1-10bb-v364-hg0\/"},"modified":"2026-04-01T00:10:42","modified_gmt":"2026-03-31T21:10:42","slug":"camelion-ag1-10bb-v364-hg0","status":"publish","type":"product","link":"https:\/\/ddt.lv\/ru\/product\/camelion-ag1-10bb-v364-hg0\/","title":{"rendered":"\u0411\u0430\u0442\u0430\u0440\u0435\u0439\u043a\u0438 AG1 (V364) CAMELION HG=0 10 \u0448\u0442."},"content":{"rendered":"<p>Baterijas no ra\u017eot\u0101ja Camelion, piem\u0113rotas digit\u0101lajiem un analogiem pulkste\u0146iem, rota\u013cliet\u0101m, t\u0101lvad\u012bbas pult\u012bm un cit\u0101m ier\u012bc\u0113m.<\/p>\n","protected":false},"excerpt":{"rendered":"<p>Baterijas no ra\u017eot\u0101ja Camelion, piem\u0113rotas digit\u0101lajiem un analogiem pulkste\u0146iem, rota\u013cliet\u0101m, t\u0101lvad\u012bbas pult\u012bm un cit\u0101m ier\u012bc\u0113m.<\/p>\n","protected":false},"featured_media":14985,"comment_status":"closed","ping_status":"closed","template":"","meta":{"inline_featured_image":false},"product_cat":[451],"product_tag":[],"yst_prominent_words":[],"class_list":{"0":"post-5940","1":"product","2":"type-product","3":"status-publish","4":"has-post-thumbnail","6":"product_cat-elektronics-baterijas","8":"first","9":"instock","10":"taxable","11":"shipping-taxable","12":"purchasable","13":"product-type-simple"},"jetpack_sharing_enabled":true,"_links":{"self":[{"href":"https:\/\/ddt.lv\/ru\/wp-json\/wp\/v2\/product\/5940"}],"collection":[{"href":"https:\/\/ddt.lv\/ru\/wp-json\/wp\/v2\/product"}],"about":[{"href":"https:\/\/ddt.lv\/ru\/wp-json\/wp\/v2\/types\/product"}],"replies":[{"embeddable":true,"href":"https:\/\/ddt.lv\/ru\/wp-json\/wp\/v2\/comments?post=5940"}],"wp:featuredmedia":[{"embeddable":true,"href":"https:\/\/ddt.lv\/ru\/wp-json\/wp\/v2\/media\/14985"}],"wp:attachment":[{"href":"https:\/\/ddt.lv\/ru\/wp-json\/wp\/v2\/media?parent=5940"}],"wp:term":[{"taxonomy":"product_cat","embeddable":true,"href":"https:\/\/ddt.lv\/ru\/wp-json\/wp\/v2\/product_cat?post=5940"},{"taxonomy":"product_tag","embeddable":true,"href":"https:\/\/ddt.lv\/ru\/wp-json\/wp\/v2\/product_tag?post=5940"},{"taxonomy":"yst_prominent_words","embeddable":true,"href":"https:\/\/ddt.lv\/ru\/wp-json\/wp\/v2\/yst_prominent_words?post=5940"}],"curies":[{"name":"wp","href":"https:\/\/api.w.org\/{rel}","templated":true}]}}