{"id":5935,"date":"2019-10-28T08:37:02","date_gmt":"2019-10-28T06:37:02","guid":{"rendered":"https:\/\/ddt.lv\/product\/matu-griezejs-unold\/"},"modified":"2026-04-08T14:30:43","modified_gmt":"2026-04-08T11:30:43","slug":"matu-griezejs-unold","status":"publish","type":"product","link":"https:\/\/ddt.lv\/ru\/product\/matu-griezejs-unold-2\/","title":{"rendered":"(Latvie\u0161u) Matu griez\u0113js UNOLD"},"content":{"rendered":"<p>Elegants matu vai b\u0101rdas griezums m\u0101j\u0101s &#8211; lieliski izpild\u0101ms ar Hair+beard no Unold!<\/p>\n<p>Autom\u0101tiska volt\u0101\u017eas regul\u0101cija no 100 &#8211; 240V padara to par lielisku ce\u013cabiedru uz \u0101rzem\u0113m. Jaud\u012bgs NiMH akumulators, pilna uzl\u0101de aiz\u0146em 8 stundas un nodro\u0161ina 45 min\u016btes nep\u0101rtrauktu darb\u012bbu. Ta\u010du, ja baterija izl\u0101d\u0113jusies, kust\u012bbas br\u012bv\u012bbu nodro\u0161ina 1.70m gar\u0161 str\u0101vas vads.<\/p>\n","protected":false},"excerpt":{"rendered":"<p>Elegants matu vai b\u0101rdas griezums m\u0101j\u0101s &#8211; lieliski izpild\u0101ms ar Hair+beard no Unold! Autom\u0101tiska volt\u0101\u017eas regul\u0101cija no 100 &#8211; 240V padara to par lielisku ce\u013cabiedru uz \u0101rzem\u0113m. Jaud\u012bgs NiMH akumulators, pilna uzl\u0101de aiz\u0146em 8 stundas un nodro\u0161ina 45 min\u016btes nep\u0101rtrauktu darb\u012bbu. Ta\u010du, ja baterija izl\u0101d\u0113jusies, kust\u012bbas br\u012bv\u012bbu nodro\u0161ina 1.70m gar\u0161 str\u0101vas vads.<\/p>\n","protected":false},"featured_media":12419,"comment_status":"closed","ping_status":"closed","template":"","meta":{"inline_featured_image":false},"product_cat":[547],"product_tag":[],"yst_prominent_words":[],"class_list":{"0":"post-5935","1":"product","2":"type-product","3":"status-publish","4":"has-post-thumbnail","6":"product_cat-matu-bardas-trimmeri","8":"first","9":"outofstock","10":"taxable","11":"shipping-taxable","12":"purchasable","13":"product-type-simple"},"jetpack_sharing_enabled":true,"_links":{"self":[{"href":"https:\/\/ddt.lv\/ru\/wp-json\/wp\/v2\/product\/5935"}],"collection":[{"href":"https:\/\/ddt.lv\/ru\/wp-json\/wp\/v2\/product"}],"about":[{"href":"https:\/\/ddt.lv\/ru\/wp-json\/wp\/v2\/types\/product"}],"replies":[{"embeddable":true,"href":"https:\/\/ddt.lv\/ru\/wp-json\/wp\/v2\/comments?post=5935"}],"wp:featuredmedia":[{"embeddable":true,"href":"https:\/\/ddt.lv\/ru\/wp-json\/wp\/v2\/media\/12419"}],"wp:attachment":[{"href":"https:\/\/ddt.lv\/ru\/wp-json\/wp\/v2\/media?parent=5935"}],"wp:term":[{"taxonomy":"product_cat","embeddable":true,"href":"https:\/\/ddt.lv\/ru\/wp-json\/wp\/v2\/product_cat?post=5935"},{"taxonomy":"product_tag","embeddable":true,"href":"https:\/\/ddt.lv\/ru\/wp-json\/wp\/v2\/product_tag?post=5935"},{"taxonomy":"yst_prominent_words","embeddable":true,"href":"https:\/\/ddt.lv\/ru\/wp-json\/wp\/v2\/yst_prominent_words?post=5935"}],"curies":[{"name":"wp","href":"https:\/\/api.w.org\/{rel}","templated":true}]}}