{"id":5913,"date":"2019-10-28T08:36:59","date_gmt":"2019-10-28T06:36:59","guid":{"rendered":"https:\/\/ddt.lv\/product\/termometrs-ara-ar-caurspidigu-displeju-1xaaa-emos\/"},"modified":"2026-04-01T00:10:33","modified_gmt":"2026-03-31T21:10:33","slug":"termometrs-ara-ar-caurspidigu-displeju-1xaaa-emos","status":"publish","type":"product","link":"https:\/\/ddt.lv\/ru\/product\/termometrs-ara-ar-caurspidigu-displeju-1xaaa-emos\/","title":{"rendered":"(Latvie\u0161u) Termometrs \u0101ra, ar caursp\u012bd\u012bgu displeju (1xAAA) EMOS"},"content":{"rendered":"<p>Log\u0101 liekams termometrs \u0101ra temperat\u016bras un mitruma m\u0113r\u012b\u0161anai, izmantojot ieb\u016bv\u0113tu, augstas j\u016bt\u012bbas sensoru. Lieli displeja cipari nodro\u0161ina labu salas\u0101m\u012bbu pat no att\u0101luma.<\/p>\n","protected":false},"excerpt":{"rendered":"<p>Log\u0101 liekams termometrs \u0101ra temperat\u016bras un mitruma m\u0113r\u012b\u0161anai, izmantojot ieb\u016bv\u0113tu, augstas j\u016bt\u012bbas sensoru. Lieli displeja cipari nodro\u0161ina labu salas\u0101m\u012bbu pat no att\u0101luma.<\/p>\n","protected":false},"featured_media":16232,"comment_status":"closed","ping_status":"closed","template":"","meta":{"inline_featured_image":false},"product_cat":[541],"product_tag":[],"yst_prominent_words":[],"class_list":{"0":"post-5913","1":"product","2":"type-product","3":"status-publish","4":"has-post-thumbnail","6":"product_cat-termometri-meteostacijas","8":"first","9":"outofstock","10":"taxable","11":"shipping-taxable","12":"purchasable","13":"product-type-simple"},"jetpack_sharing_enabled":true,"_links":{"self":[{"href":"https:\/\/ddt.lv\/ru\/wp-json\/wp\/v2\/product\/5913"}],"collection":[{"href":"https:\/\/ddt.lv\/ru\/wp-json\/wp\/v2\/product"}],"about":[{"href":"https:\/\/ddt.lv\/ru\/wp-json\/wp\/v2\/types\/product"}],"replies":[{"embeddable":true,"href":"https:\/\/ddt.lv\/ru\/wp-json\/wp\/v2\/comments?post=5913"}],"wp:featuredmedia":[{"embeddable":true,"href":"https:\/\/ddt.lv\/ru\/wp-json\/wp\/v2\/media\/16232"}],"wp:attachment":[{"href":"https:\/\/ddt.lv\/ru\/wp-json\/wp\/v2\/media?parent=5913"}],"wp:term":[{"taxonomy":"product_cat","embeddable":true,"href":"https:\/\/ddt.lv\/ru\/wp-json\/wp\/v2\/product_cat?post=5913"},{"taxonomy":"product_tag","embeddable":true,"href":"https:\/\/ddt.lv\/ru\/wp-json\/wp\/v2\/product_tag?post=5913"},{"taxonomy":"yst_prominent_words","embeddable":true,"href":"https:\/\/ddt.lv\/ru\/wp-json\/wp\/v2\/yst_prominent_words?post=5913"}],"curies":[{"name":"wp","href":"https:\/\/api.w.org\/{rel}","templated":true}]}}